{"id":2505,"date":"2023-03-31T18:10:54","date_gmt":"2023-03-31T18:10:54","guid":{"rendered":"https:\/\/7distribucions.com\/?post_type=product&#038;p=2505"},"modified":"2024-04-16T08:53:33","modified_gmt":"2024-04-16T08:53:33","slug":"brix-pt-black-is-green","status":"publish","type":"product","link":"https:\/\/7distribucions.com\/en\/producto\/brix-pt-black-is-green\/","title":{"rendered":"BRIX PT BLACK IS GREEN"},"content":{"rendered":"<p>Carro completo de doble cubeta con sistema de prelavado, perteneciente a la serie Black Is Green que utiliza hasta un 75% de pl\u00e1stico reciclado, garantizando un importante ahorro de recursos. Caracter\u00edsticas: 4 puertas grises con cerradura Soporte saco 120 l base porta bolsa Disponible con 4 ruedas de \u00d8 125 mm o \u00d8 100 mm<\/p>\n<p><a href=\"https:\/\/7distribucions.com\/wp-content\/uploads\/2023\/03\/CARRO-BRIX-PT.pdf\"><strong>VER CAT\u00c1LOGO<\/strong><\/a><\/p>\n","protected":false},"excerpt":{"rendered":"<p>Carro completo de doble cubeta con sistema de prelavado, perteneciente a la serie Black Is Green que utiliza hasta un 75% de pl\u00e1stico reciclado, garantizando un importante ahorro de recursos&#8230;.<\/p>\n","protected":false},"featured_media":2506,"template":"","meta":[],"product_brand":[],"product_cat":[77],"product_tag":[],"class_list":{"0":"post-2505","1":"product","2":"type-product","3":"status-publish","4":"has-post-thumbnail","6":"product_cat-tools_-utensilis-carros","8":"first","9":"instock","10":"taxable","11":"shipping-taxable","12":"purchasable","13":"product-type-simple"},"_links":{"self":[{"href":"https:\/\/7distribucions.com\/en\/wp-json\/wp\/v2\/product\/2505","targetHints":{"allow":["GET"]}}],"collection":[{"href":"https:\/\/7distribucions.com\/en\/wp-json\/wp\/v2\/product"}],"about":[{"href":"https:\/\/7distribucions.com\/en\/wp-json\/wp\/v2\/types\/product"}],"wp:featuredmedia":[{"embeddable":true,"href":"https:\/\/7distribucions.com\/en\/wp-json\/wp\/v2\/media\/2506"}],"wp:attachment":[{"href":"https:\/\/7distribucions.com\/en\/wp-json\/wp\/v2\/media?parent=2505"}],"wp:term":[{"taxonomy":"product_brand","embeddable":true,"href":"https:\/\/7distribucions.com\/en\/wp-json\/wp\/v2\/product_brand?post=2505"},{"taxonomy":"product_cat","embeddable":true,"href":"https:\/\/7distribucions.com\/en\/wp-json\/wp\/v2\/product_cat?post=2505"},{"taxonomy":"product_tag","embeddable":true,"href":"https:\/\/7distribucions.com\/en\/wp-json\/wp\/v2\/product_tag?post=2505"}],"curies":[{"name":"wp","href":"https:\/\/api.w.org\/{rel}","templated":true}]}}