{"id":2435,"date":"2023-03-24T19:31:50","date_gmt":"2023-03-24T19:31:50","guid":{"rendered":"https:\/\/7distribucions.com\/?post_type=product&#038;p=2435"},"modified":"2024-02-02T10:57:39","modified_gmt":"2024-02-02T10:57:39","slug":"ms1068-pad-azul-20cm","status":"publish","type":"product","link":"https:\/\/7distribucions.com\/en\/producto\/ms1068-pad-azul-20cm\/","title":{"rendered":"MS1068 PAD AZUL 20CM"},"content":{"rendered":"<p>Elimine el trabajo de limpiar y mantener los pisos de su ba\u00f1o, cocina y vest\u00edbulo con la almohadilla de limpieza general azul MotorScrubber MS1068 Essentials. Esta almohadilla para fregar duradera est\u00e1 dise\u00f1ada para trabajar con limpiadores qu\u00edmicos para aflojar y eliminar la suciedad y la mugre para que pueda limpiar r\u00e1pidamente y sin esfuerzo. Puede soportar velocidades de rotaci\u00f3n de hasta 360 RPM y debe usarse con una placa impulsora de agarre de almohadilla (se vende por separado). Para obtener los mejores resultados, comb\u00ednelo con MotorScrubber MS2000 o MotorScrubber Jet Mop (se venden por separado).<\/p>\n<p>&nbsp;<\/p>\n","protected":false},"excerpt":{"rendered":"<p>Elimine el trabajo de limpiar y mantener los pisos de su ba\u00f1o, cocina y vest\u00edbulo con la almohadilla de limpieza general azul MotorScrubber MS1068 Essentials. Esta almohadilla para fregar duradera&#8230;<\/p>\n","protected":false},"featured_media":2436,"template":"","meta":[],"product_brand":[],"product_cat":[68,70],"product_tag":[],"class_list":{"0":"post-2435","1":"product","2":"type-product","3":"status-publish","4":"has-post-thumbnail","6":"product_cat-accessoris","7":"product_cat-motorscrubber","9":"first","10":"instock","11":"taxable","12":"shipping-taxable","13":"purchasable","14":"product-type-simple"},"_links":{"self":[{"href":"https:\/\/7distribucions.com\/en\/wp-json\/wp\/v2\/product\/2435","targetHints":{"allow":["GET"]}}],"collection":[{"href":"https:\/\/7distribucions.com\/en\/wp-json\/wp\/v2\/product"}],"about":[{"href":"https:\/\/7distribucions.com\/en\/wp-json\/wp\/v2\/types\/product"}],"wp:featuredmedia":[{"embeddable":true,"href":"https:\/\/7distribucions.com\/en\/wp-json\/wp\/v2\/media\/2436"}],"wp:attachment":[{"href":"https:\/\/7distribucions.com\/en\/wp-json\/wp\/v2\/media?parent=2435"}],"wp:term":[{"taxonomy":"product_brand","embeddable":true,"href":"https:\/\/7distribucions.com\/en\/wp-json\/wp\/v2\/product_brand?post=2435"},{"taxonomy":"product_cat","embeddable":true,"href":"https:\/\/7distribucions.com\/en\/wp-json\/wp\/v2\/product_cat?post=2435"},{"taxonomy":"product_tag","embeddable":true,"href":"https:\/\/7distribucions.com\/en\/wp-json\/wp\/v2\/product_tag?post=2435"}],"curies":[{"name":"wp","href":"https:\/\/api.w.org\/{rel}","templated":true}]}}