{"id":2433,"date":"2023-03-24T19:27:04","date_gmt":"2023-03-24T19:27:04","guid":{"rendered":"https:\/\/7distribucions.com\/?post_type=product&#038;p=2433"},"modified":"2024-02-02T10:57:37","modified_gmt":"2024-02-02T10:57:37","slug":"ms1066-pad-blanco-pulido-en-seco-20cm","status":"publish","type":"product","link":"https:\/\/7distribucions.com\/en\/producto\/ms1066-pad-blanco-pulido-en-seco-20cm\/","title":{"rendered":"MS1066 PAD BLANCO PULIDO EN SECO 20CM"},"content":{"rendered":"<p>Elimine el trabajo de mantener sus superficies de madera dura, cer\u00e1mica y piedra con la almohadilla de pulido blanca MotorScrubber MS1066 Essentials. Dise\u00f1ada para pulir marcas de rozaduras y manchas leves, esta almohadilla es ideal para mantener una variedad de superficies duras limpias y suaves. Lo suficientemente resistente para trabajar con productos qu\u00edmicos, tambi\u00e9n se puede utilizar para pulir en seco sin limpiadores ni agua. Puede soportar velocidades de rotaci\u00f3n de hasta 360 RPM y debe usarse con una placa impulsora de agarre de almohadilla (se vende por separado). Para obtener los mejores resultados, comb\u00ednelo con MotorScrubber MS2000 o MotorScrubber Jet Mop.<\/p>\n","protected":false},"excerpt":{"rendered":"<p>Elimine el trabajo de mantener sus superficies de madera dura, cer\u00e1mica y piedra con la almohadilla de pulido blanca MotorScrubber MS1066 Essentials. Dise\u00f1ada para pulir marcas de rozaduras y manchas&#8230;<\/p>\n","protected":false},"featured_media":2434,"template":"","meta":[],"product_brand":[],"product_cat":[68,70],"product_tag":[],"class_list":{"0":"post-2433","1":"product","2":"type-product","3":"status-publish","4":"has-post-thumbnail","6":"product_cat-accessoris","7":"product_cat-motorscrubber","9":"first","10":"instock","11":"taxable","12":"shipping-taxable","13":"purchasable","14":"product-type-simple"},"_links":{"self":[{"href":"https:\/\/7distribucions.com\/en\/wp-json\/wp\/v2\/product\/2433","targetHints":{"allow":["GET"]}}],"collection":[{"href":"https:\/\/7distribucions.com\/en\/wp-json\/wp\/v2\/product"}],"about":[{"href":"https:\/\/7distribucions.com\/en\/wp-json\/wp\/v2\/types\/product"}],"wp:featuredmedia":[{"embeddable":true,"href":"https:\/\/7distribucions.com\/en\/wp-json\/wp\/v2\/media\/2434"}],"wp:attachment":[{"href":"https:\/\/7distribucions.com\/en\/wp-json\/wp\/v2\/media?parent=2433"}],"wp:term":[{"taxonomy":"product_brand","embeddable":true,"href":"https:\/\/7distribucions.com\/en\/wp-json\/wp\/v2\/product_brand?post=2433"},{"taxonomy":"product_cat","embeddable":true,"href":"https:\/\/7distribucions.com\/en\/wp-json\/wp\/v2\/product_cat?post=2433"},{"taxonomy":"product_tag","embeddable":true,"href":"https:\/\/7distribucions.com\/en\/wp-json\/wp\/v2\/product_tag?post=2433"}],"curies":[{"name":"wp","href":"https:\/\/api.w.org\/{rel}","templated":true}]}}