{"id":2427,"date":"2023-03-24T18:59:26","date_gmt":"2023-03-24T18:59:26","guid":{"rendered":"https:\/\/7distribucions.com\/?post_type=product&#038;p=2427"},"modified":"2025-11-27T14:05:31","modified_gmt":"2025-11-27T14:05:31","slug":"ms1060-pad-negro-decapante-20cm","status":"publish","type":"product","link":"https:\/\/7distribucions.com\/en\/producto\/ms1060-pad-negro-decapante-20cm\/","title":{"rendered":"MS1060 PAD NEGRO DECAPANTE 20CM"},"content":{"rendered":"<p>Reduzca y elimine las antiest\u00e9ticas manchas y rayones de sus pisos duros con la almohadilla decapante negra MotorScrubber MS1060 Essentials. Dise\u00f1ado para trabajar con productos qu\u00edmicos de decapado que inician el proceso de descomposici\u00f3n, esta almohadilla de decapado presenta un grano resistente para eliminar r\u00e1pidamente el pulido de pisos. Puede soportar velocidades de rotaci\u00f3n de hasta 360 RPM y debe usarse con una placa impulsora de agarre de almohadilla (se vende por separado). El di\u00e1metro de esta almohadilla es de gran tama\u00f1o para acceder de manera eficiente a lugares estrechos y dif\u00edciles de alcanzar sin necesidad de una soluci\u00f3n m\u00e1s grande separada para las \u00e1reas principales. Debido a la naturaleza abrasiva de esta almohadilla para fregar, dejar\u00e1 una superficie lisa y sin brillo que estar\u00e1 lista para ser repulida o pulida<\/p>\n<p>&nbsp;<\/p>\n","protected":false},"excerpt":{"rendered":"<p>Reduzca y elimine las antiest\u00e9ticas manchas y rayones de sus pisos duros con la almohadilla decapante negra MotorScrubber MS1060 Essentials. Dise\u00f1ado para trabajar con productos qu\u00edmicos de decapado que inician&#8230;<\/p>\n","protected":false},"featured_media":2428,"template":"","meta":[],"product_brand":[],"product_cat":[68,70],"product_tag":[],"class_list":{"0":"post-2427","1":"product","2":"type-product","3":"status-publish","4":"has-post-thumbnail","6":"product_cat-accessoris","7":"product_cat-motorscrubber","9":"first","10":"instock","11":"taxable","12":"shipping-taxable","13":"purchasable","14":"product-type-simple"},"_links":{"self":[{"href":"https:\/\/7distribucions.com\/en\/wp-json\/wp\/v2\/product\/2427","targetHints":{"allow":["GET"]}}],"collection":[{"href":"https:\/\/7distribucions.com\/en\/wp-json\/wp\/v2\/product"}],"about":[{"href":"https:\/\/7distribucions.com\/en\/wp-json\/wp\/v2\/types\/product"}],"wp:featuredmedia":[{"embeddable":true,"href":"https:\/\/7distribucions.com\/en\/wp-json\/wp\/v2\/media\/2428"}],"wp:attachment":[{"href":"https:\/\/7distribucions.com\/en\/wp-json\/wp\/v2\/media?parent=2427"}],"wp:term":[{"taxonomy":"product_brand","embeddable":true,"href":"https:\/\/7distribucions.com\/en\/wp-json\/wp\/v2\/product_brand?post=2427"},{"taxonomy":"product_cat","embeddable":true,"href":"https:\/\/7distribucions.com\/en\/wp-json\/wp\/v2\/product_cat?post=2427"},{"taxonomy":"product_tag","embeddable":true,"href":"https:\/\/7distribucions.com\/en\/wp-json\/wp\/v2\/product_tag?post=2427"}],"curies":[{"name":"wp","href":"https:\/\/api.w.org\/{rel}","templated":true}]}}