{"id":2422,"date":"2023-03-24T18:52:34","date_gmt":"2023-03-24T18:52:34","guid":{"rendered":"https:\/\/7distribucions.com\/?post_type=product&#038;p=2422"},"modified":"2023-03-24T18:54:48","modified_gmt":"2023-03-24T18:54:48","slug":"ms1049t-cepillo-angulo-escaleras-abrasivo-verde-20cm","status":"publish","type":"product","link":"https:\/\/7distribucions.com\/en\/producto\/ms1049t-cepillo-angulo-escaleras-abrasivo-verde-20cm\/","title":{"rendered":"MS1049T CEPILLO ANGULO ESCALERAS ABRASIVO VERDE 20CM"},"content":{"rendered":"<p>Elimine el trabajo de limpiar z\u00f3calos y escaleras con este cepillo Tynex gigante verde para escaleras y z\u00f3calos MotorScrubber MS1049T. Con una forma \u00fanica, este cepillo est\u00e1 dise\u00f1ado para limpiar espacios horizontales y verticales al mismo tiempo. Est\u00e1 construido con Tynex duradero y el cepillo brinda un poder de limpieza abrasivo adicional para superficies lisas e irregulares por igual. Este cepillo tambi\u00e9n es resistente a las interacciones qu\u00edmicas que pueden romper las cerdas. Ideal para limpiar baldosas, piedra y hormig\u00f3n, es una excelente opci\u00f3n para limpiar escaleras de piedra o de hormig\u00f3n pulido, ya que puede eliminar la suciedad de la banda de rodadura y la contrahuella al mismo tiempo<\/p>\n<p>&nbsp;<\/p>\n<p>Use este cepillo con una unidad MotorScrubber compatible para mantener su establecimiento limpio y reluciente mientras se mantiene erguido y evita el dolor de rodillas y los brazos y hombros cansados que vienen con el fregado manual. Mejor a\u00fan, deje que este cepillo duradero fregue los ba\u00f1os, los vestuarios y alrededor de la piscina. Gracias al alcance de las cerdas, puede reducir la propagaci\u00f3n de suciedad y g\u00e9rmenes para lograr un ambiente m\u00e1s higi\u00e9nico y acogedor.<\/p>\n","protected":false},"excerpt":{"rendered":"<p>Elimine el trabajo de limpiar z\u00f3calos y escaleras con este cepillo Tynex gigante verde para escaleras y z\u00f3calos MotorScrubber MS1049T. Con una forma \u00fanica, este cepillo est\u00e1 dise\u00f1ado para limpiar&#8230;<\/p>\n","protected":false},"featured_media":2423,"template":"","meta":[],"product_brand":[],"product_cat":[68,70],"product_tag":[],"class_list":{"0":"post-2422","1":"product","2":"type-product","3":"status-publish","4":"has-post-thumbnail","6":"product_cat-accessoris","7":"product_cat-motorscrubber","9":"first","10":"instock","11":"taxable","12":"shipping-taxable","13":"purchasable","14":"product-type-simple"},"_links":{"self":[{"href":"https:\/\/7distribucions.com\/en\/wp-json\/wp\/v2\/product\/2422","targetHints":{"allow":["GET"]}}],"collection":[{"href":"https:\/\/7distribucions.com\/en\/wp-json\/wp\/v2\/product"}],"about":[{"href":"https:\/\/7distribucions.com\/en\/wp-json\/wp\/v2\/types\/product"}],"wp:featuredmedia":[{"embeddable":true,"href":"https:\/\/7distribucions.com\/en\/wp-json\/wp\/v2\/media\/2423"}],"wp:attachment":[{"href":"https:\/\/7distribucions.com\/en\/wp-json\/wp\/v2\/media?parent=2422"}],"wp:term":[{"taxonomy":"product_brand","embeddable":true,"href":"https:\/\/7distribucions.com\/en\/wp-json\/wp\/v2\/product_brand?post=2422"},{"taxonomy":"product_cat","embeddable":true,"href":"https:\/\/7distribucions.com\/en\/wp-json\/wp\/v2\/product_cat?post=2422"},{"taxonomy":"product_tag","embeddable":true,"href":"https:\/\/7distribucions.com\/en\/wp-json\/wp\/v2\/product_tag?post=2422"}],"curies":[{"name":"wp","href":"https:\/\/api.w.org\/{rel}","templated":true}]}}