{"id":2343,"date":"2023-03-23T23:36:50","date_gmt":"2023-03-23T23:36:50","guid":{"rendered":"https:\/\/7distribucions.com\/?post_type=product&#038;p=2343"},"modified":"2026-01-15T16:18:11","modified_gmt":"2026-01-15T16:18:11","slug":"excentr-air-250-small","status":"publish","type":"product","link":"https:\/\/7distribucions.com\/en\/producto\/excentr-air-250-small\/","title":{"rendered":"EXCENTR AIR 250"},"content":{"rendered":"<p>El Excentr Air 250 de Rensair destruye virus y bacterias, mientras que la mayor\u00eda de los purificadores de aire convencionales simplemente los recolectan y atrapan. Es una soluci\u00f3n patentada que utiliza la tecnolog\u00eda de purificaci\u00f3n m\u00e1s avanzada, incluidos filtros HEPA13 y luz UVC. La composici\u00f3n \u00fanica de la tecnolog\u00eda del Air 250 de Excentr marca la diferencia. La posici\u00f3n de la luz UVC dirigida sobre la superficie del filtro expone constantemente a los contaminantes atrapados. Esta exposici\u00f3n descompone el ADN y el ARN y, por lo tanto, destruye todos los contaminantes atrapados. La destrucci\u00f3n de la superficie del filtro reduce a\u00fan m\u00e1s la posibilidad de contacto con materiales peligrosos durante el cambio de filtro. La capacidad de Excentr para destruir m\u00e1s del 99,97 % de los virus (incluido el coronavirus) y bacterias transportados por el aire ha sido documentada por laboratorios independientes.<\/p>\n<p>&nbsp;<\/p>\n","protected":false},"excerpt":{"rendered":"<p>El Excentr Air 250 de Rensair destruye virus y bacterias, mientras que la mayor\u00eda de los purificadores de aire convencionales simplemente los recolectan y atrapan. Es una soluci\u00f3n patentada que&#8230;<\/p>\n","protected":false},"featured_media":2344,"template":"","meta":[],"product_brand":[],"product_cat":[67],"product_tag":[],"class_list":{"0":"post-2343","1":"product","2":"type-product","3":"status-publish","4":"has-post-thumbnail","6":"product_cat-purificadors-aire","8":"first","9":"instock","10":"taxable","11":"shipping-taxable","12":"purchasable","13":"product-type-simple"},"_links":{"self":[{"href":"https:\/\/7distribucions.com\/en\/wp-json\/wp\/v2\/product\/2343","targetHints":{"allow":["GET"]}}],"collection":[{"href":"https:\/\/7distribucions.com\/en\/wp-json\/wp\/v2\/product"}],"about":[{"href":"https:\/\/7distribucions.com\/en\/wp-json\/wp\/v2\/types\/product"}],"wp:featuredmedia":[{"embeddable":true,"href":"https:\/\/7distribucions.com\/en\/wp-json\/wp\/v2\/media\/2344"}],"wp:attachment":[{"href":"https:\/\/7distribucions.com\/en\/wp-json\/wp\/v2\/media?parent=2343"}],"wp:term":[{"taxonomy":"product_brand","embeddable":true,"href":"https:\/\/7distribucions.com\/en\/wp-json\/wp\/v2\/product_brand?post=2343"},{"taxonomy":"product_cat","embeddable":true,"href":"https:\/\/7distribucions.com\/en\/wp-json\/wp\/v2\/product_cat?post=2343"},{"taxonomy":"product_tag","embeddable":true,"href":"https:\/\/7distribucions.com\/en\/wp-json\/wp\/v2\/product_tag?post=2343"}],"curies":[{"name":"wp","href":"https:\/\/api.w.org\/{rel}","templated":true}]}}