{"id":2326,"date":"2023-03-23T22:51:17","date_gmt":"2023-03-23T22:51:17","guid":{"rendered":"https:\/\/7distribucions.com\/?post_type=product&#038;p=2326"},"modified":"2025-01-04T18:03:37","modified_gmt":"2025-01-04T18:03:37","slug":"tiger-250","status":"publish","type":"product","link":"https:\/\/7distribucions.com\/en\/producto\/tiger-250\/","title":{"rendered":"TIGER 250"},"content":{"rendered":"<p>Veh\u00edculo el\u00e9ctrico de transporte y arrastre con marcha adelante y marcha atr\u00e1s de f\u00e1cil maniobrabilidad. Gracias a los accesorios espec\u00edficos se convierte en un veh\u00edculo imprescindible para el transporte de personal en el sector de la limpieza y la industria<\/p>\n<p><a href=\"https:\/\/7distribucions.com\/wp-content\/uploads\/2023\/03\/IPC-TIGER-250-500-1000.pdf\"><strong>VER CAT\u00c1LOGO<\/strong><\/a><\/p>\n","protected":false},"excerpt":{"rendered":"<p>Veh\u00edculo el\u00e9ctrico de transporte y arrastre con marcha adelante y marcha atr\u00e1s de f\u00e1cil maniobrabilidad. Gracias a los accesorios espec\u00edficos se convierte en un veh\u00edculo imprescindible para el transporte de&#8230;<\/p>\n","protected":false},"featured_media":2329,"template":"","meta":[],"product_brand":[],"product_cat":[66,61],"product_tag":[],"class_list":{"0":"post-2326","1":"product","2":"type-product","3":"status-publish","4":"has-post-thumbnail","6":"product_cat-vehicles-electric","7":"product_cat-vidres-plaques-solars-superficies-verticals-i-altres","9":"first","10":"instock","11":"taxable","12":"shipping-taxable","13":"purchasable","14":"product-type-simple"},"_links":{"self":[{"href":"https:\/\/7distribucions.com\/en\/wp-json\/wp\/v2\/product\/2326","targetHints":{"allow":["GET"]}}],"collection":[{"href":"https:\/\/7distribucions.com\/en\/wp-json\/wp\/v2\/product"}],"about":[{"href":"https:\/\/7distribucions.com\/en\/wp-json\/wp\/v2\/types\/product"}],"wp:featuredmedia":[{"embeddable":true,"href":"https:\/\/7distribucions.com\/en\/wp-json\/wp\/v2\/media\/2329"}],"wp:attachment":[{"href":"https:\/\/7distribucions.com\/en\/wp-json\/wp\/v2\/media?parent=2326"}],"wp:term":[{"taxonomy":"product_brand","embeddable":true,"href":"https:\/\/7distribucions.com\/en\/wp-json\/wp\/v2\/product_brand?post=2326"},{"taxonomy":"product_cat","embeddable":true,"href":"https:\/\/7distribucions.com\/en\/wp-json\/wp\/v2\/product_cat?post=2326"},{"taxonomy":"product_tag","embeddable":true,"href":"https:\/\/7distribucions.com\/en\/wp-json\/wp\/v2\/product_tag?post=2326"}],"curies":[{"name":"wp","href":"https:\/\/api.w.org\/{rel}","templated":true}]}}