{"id":2302,"date":"2023-03-23T15:39:09","date_gmt":"2023-03-23T15:39:09","guid":{"rendered":"https:\/\/7distribucions.com\/?post_type=product&#038;p=2302"},"modified":"2025-12-01T08:46:55","modified_gmt":"2025-12-01T08:46:55","slug":"r3","status":"publish","type":"product","link":"https:\/\/7distribucions.com\/en\/producto\/r3\/","title":{"rendered":"R3"},"content":{"rendered":"<p>El extractor para moquetas R3 de Tennant limpia zonas peque\u00f1as con rapidez gracias a la tecnolog\u00eda ReadySpace. El mango ajustable facilita su uso y guardado.<\/p>\n<p><a href=\"https:\/\/7distribucions.com\/wp-content\/uploads\/2023\/03\/R3-Folleto-ES.pdf\"><strong>VER CAT\u00c1LOGO<\/strong><\/a><\/p>\n","protected":false},"excerpt":{"rendered":"<p>El extractor para moquetas R3 de Tennant limpia zonas peque\u00f1as con rapidez gracias a la tecnolog\u00eda ReadySpace. El mango ajustable facilita su uso y guardado. VER CAT\u00c1LOGO<\/p>\n","protected":false},"featured_media":2303,"template":"","meta":[],"product_brand":[],"product_cat":[59,58],"product_tag":[],"class_list":{"0":"post-2302","1":"product","2":"type-product","3":"status-publish","4":"has-post-thumbnail","6":"product_cat-electriques-tapisseries-i-moquetes","7":"product_cat-tapisseries-i-moquetes","9":"first","10":"instock","11":"taxable","12":"shipping-taxable","13":"purchasable","14":"product-type-simple"},"_links":{"self":[{"href":"https:\/\/7distribucions.com\/en\/wp-json\/wp\/v2\/product\/2302","targetHints":{"allow":["GET"]}}],"collection":[{"href":"https:\/\/7distribucions.com\/en\/wp-json\/wp\/v2\/product"}],"about":[{"href":"https:\/\/7distribucions.com\/en\/wp-json\/wp\/v2\/types\/product"}],"wp:featuredmedia":[{"embeddable":true,"href":"https:\/\/7distribucions.com\/en\/wp-json\/wp\/v2\/media\/2303"}],"wp:attachment":[{"href":"https:\/\/7distribucions.com\/en\/wp-json\/wp\/v2\/media?parent=2302"}],"wp:term":[{"taxonomy":"product_brand","embeddable":true,"href":"https:\/\/7distribucions.com\/en\/wp-json\/wp\/v2\/product_brand?post=2302"},{"taxonomy":"product_cat","embeddable":true,"href":"https:\/\/7distribucions.com\/en\/wp-json\/wp\/v2\/product_cat?post=2302"},{"taxonomy":"product_tag","embeddable":true,"href":"https:\/\/7distribucions.com\/en\/wp-json\/wp\/v2\/product_tag?post=2302"}],"curies":[{"name":"wp","href":"https:\/\/api.w.org\/{rel}","templated":true}]}}