{"id":2299,"date":"2023-03-23T15:31:55","date_gmt":"2023-03-23T15:31:55","guid":{"rendered":"https:\/\/7distribucions.com\/?post_type=product&#038;p=2299"},"modified":"2025-03-26T12:35:12","modified_gmt":"2025-03-26T12:35:12","slug":"puzzi-8_1","status":"publish","type":"product","link":"https:\/\/7distribucions.com\/en\/producto\/puzzi-8_1\/","title":{"rendered":"PUZZI 8_1"},"content":{"rendered":"<p>Robusto, de larga vida \u00fatil y eficiente: el lava-aspirador Puzzi 8\/1 de K\u00e4rcher impresiona por sus excelentes e higi\u00e9nicos resultados de limpieza y por su alta rentabilidad en la limpieza de tapicer\u00edas y en la eliminaci\u00f3n de manchas en superficies textiles. El lava-aspirador compacto pulveriza la soluci\u00f3n de limpieza profundizando en las fibras textiles y, a continuaci\u00f3n, la vuelve a aspirar junto con la suciedad disuelta. Este excelente rendimiento de reaspiraci\u00f3n tambi\u00e9n garantiza un secado r\u00e1pido y la posibilidad de volver a utilizar de inmediato las superficies textiles, lo que resulta ideal para las elevadas exigencias de los profesionales de la limpieza en el sector de la hosteler\u00eda o en la limpieza de interiores de veh\u00edculos. A esto se suma la boquilla para tapicer\u00edas de serie extracorta, que permite limpiar c\u00f3modamente y de forma ergon\u00f3mica en zonas estrechas. Gracias a su peso reducido y al asa de transporte ergon\u00f3mica, el lavaaspirador puede transportarse f\u00e1cilmente con una sola mano. Los pulsadores de gran tama\u00f1o, que se pueden accionar con la mano o con el pie, tambi\u00e9n aumentan la comodidad del usuario. Para ver mejor la suciedad, la tapa del equipo y la boquilla manual son transparentes.<\/p>\n<p><a href=\"https:\/\/7distribucions.com\/wp-content\/uploads\/2023\/03\/1.100-240.0_PI_es_ES.pdf\"><strong>VER CAT\u00c1LOGO<\/strong><\/a><\/p>\n","protected":false},"excerpt":{"rendered":"<p>Robusto, de larga vida \u00fatil y eficiente: el lava-aspirador Puzzi 8\/1 de K\u00e4rcher impresiona por sus excelentes e higi\u00e9nicos resultados de limpieza y por su alta rentabilidad en la limpieza&#8230;<\/p>\n","protected":false},"featured_media":2300,"template":"","meta":[],"product_brand":[],"product_cat":[59,58],"product_tag":[],"class_list":{"0":"post-2299","1":"product","2":"type-product","3":"status-publish","4":"has-post-thumbnail","6":"product_cat-electriques-tapisseries-i-moquetes","7":"product_cat-tapisseries-i-moquetes","9":"first","10":"instock","11":"taxable","12":"shipping-taxable","13":"purchasable","14":"product-type-simple"},"_links":{"self":[{"href":"https:\/\/7distribucions.com\/en\/wp-json\/wp\/v2\/product\/2299","targetHints":{"allow":["GET"]}}],"collection":[{"href":"https:\/\/7distribucions.com\/en\/wp-json\/wp\/v2\/product"}],"about":[{"href":"https:\/\/7distribucions.com\/en\/wp-json\/wp\/v2\/types\/product"}],"wp:featuredmedia":[{"embeddable":true,"href":"https:\/\/7distribucions.com\/en\/wp-json\/wp\/v2\/media\/2300"}],"wp:attachment":[{"href":"https:\/\/7distribucions.com\/en\/wp-json\/wp\/v2\/media?parent=2299"}],"wp:term":[{"taxonomy":"product_brand","embeddable":true,"href":"https:\/\/7distribucions.com\/en\/wp-json\/wp\/v2\/product_brand?post=2299"},{"taxonomy":"product_cat","embeddable":true,"href":"https:\/\/7distribucions.com\/en\/wp-json\/wp\/v2\/product_cat?post=2299"},{"taxonomy":"product_tag","embeddable":true,"href":"https:\/\/7distribucions.com\/en\/wp-json\/wp\/v2\/product_tag?post=2299"}],"curies":[{"name":"wp","href":"https:\/\/api.w.org\/{rel}","templated":true}]}}