{"id":2270,"date":"2023-03-23T14:46:07","date_gmt":"2023-03-23T14:46:07","guid":{"rendered":"https:\/\/7distribucions.com\/?post_type=product&#038;p=2270"},"modified":"2026-01-15T16:17:57","modified_gmt":"2026-01-15T16:17:57","slug":"handhero","status":"publish","type":"product","link":"https:\/\/7distribucions.com\/en\/producto\/handhero\/","title":{"rendered":"HANDHERO"},"content":{"rendered":"<p>El Excentr HandHero est\u00e1 dise\u00f1ado para trabajar en escaleras, encimeras de cocina, alf\u00e9izares de ventanas y mesas. Las posibilidades son ilimitadas. Con 2850 rpm y casi 20 kg de presi\u00f3n, es una m\u00e1quina valiosa para muchos profesionales. La m\u00e1quina est\u00e1 completamente hecha de acero inoxidable y dise\u00f1ada seg\u00fan los principios deExcentr: extremadamente s\u00f3lida y f\u00e1cil de usar.<\/p>\n<p><a href=\"https:\/\/7distribucions.com\/wp-content\/uploads\/2023\/03\/10-EXCENTER-HAND-HERO-06-6-2021.pdf\"><strong>VER CAT\u00c1LOGO<\/strong><\/a><\/p>\n","protected":false},"excerpt":{"rendered":"<p>El Excentr HandHero est\u00e1 dise\u00f1ado para trabajar en escaleras, encimeras de cocina, alf\u00e9izares de ventanas y mesas. Las posibilidades son ilimitadas. Con 2850 rpm y casi 20 kg de presi\u00f3n,&#8230;<\/p>\n","protected":false},"featured_media":2271,"template":"","meta":[],"product_brand":[],"product_cat":[54,56],"product_tag":[],"class_list":{"0":"post-2270","1":"product","2":"type-product","3":"status-publish","4":"has-post-thumbnail","6":"product_cat-excentriques-orbitals-rotatives","7":"product_cat-excentriques-orbitals-electirques","9":"first","10":"instock","11":"taxable","12":"shipping-taxable","13":"purchasable","14":"product-type-simple"},"_links":{"self":[{"href":"https:\/\/7distribucions.com\/en\/wp-json\/wp\/v2\/product\/2270","targetHints":{"allow":["GET"]}}],"collection":[{"href":"https:\/\/7distribucions.com\/en\/wp-json\/wp\/v2\/product"}],"about":[{"href":"https:\/\/7distribucions.com\/en\/wp-json\/wp\/v2\/types\/product"}],"wp:featuredmedia":[{"embeddable":true,"href":"https:\/\/7distribucions.com\/en\/wp-json\/wp\/v2\/media\/2271"}],"wp:attachment":[{"href":"https:\/\/7distribucions.com\/en\/wp-json\/wp\/v2\/media?parent=2270"}],"wp:term":[{"taxonomy":"product_brand","embeddable":true,"href":"https:\/\/7distribucions.com\/en\/wp-json\/wp\/v2\/product_brand?post=2270"},{"taxonomy":"product_cat","embeddable":true,"href":"https:\/\/7distribucions.com\/en\/wp-json\/wp\/v2\/product_cat?post=2270"},{"taxonomy":"product_tag","embeddable":true,"href":"https:\/\/7distribucions.com\/en\/wp-json\/wp\/v2\/product_tag?post=2270"}],"curies":[{"name":"wp","href":"https:\/\/api.w.org\/{rel}","templated":true}]}}