{"id":2267,"date":"2023-03-23T14:39:57","date_gmt":"2023-03-23T14:39:57","guid":{"rendered":"https:\/\/7distribucions.com\/?post_type=product&#038;p=2267"},"modified":"2026-04-15T14:30:28","modified_gmt":"2026-04-15T14:30:28","slug":"excentr-55-35","status":"publish","type":"product","link":"https:\/\/7distribucions.com\/en\/producto\/excentr-55-35\/","title":{"rendered":"EXCENTR 55-35"},"content":{"rendered":"<p>El Excentr 55-35 es la pieza de exhibici\u00f3n deExcentr, acero inoxidable, s\u00f3lido y particularmente efectivo gracias a los 2850 movimientos por minuto. El equilibrio perfecto y el mango ajustable hacen que el trabajo con esta m\u00e1quina sea simple y ergon\u00f3mico. Cualquiera puede operar esta m\u00e1quina, incluso sin experiencia o t\u00e9cnica.<\/p>\n<p><a href=\"https:\/\/7distribucions.com\/wp-content\/uploads\/2023\/03\/EXCENTR-55-35-.pdf\"><strong>VER CAT\u00c1LOGO<\/strong><\/a><\/p>\n","protected":false},"excerpt":{"rendered":"<p>El Excentr 55-35 es la pieza de exhibici\u00f3n deExcentr, acero inoxidable, s\u00f3lido y particularmente efectivo gracias a los 2850 movimientos por minuto. El equilibrio perfecto y el mango ajustable hacen&#8230;<\/p>\n","protected":false},"featured_media":2268,"template":"","meta":[],"product_brand":[],"product_cat":[54,56],"product_tag":[],"class_list":{"0":"post-2267","1":"product","2":"type-product","3":"status-publish","4":"has-post-thumbnail","6":"product_cat-excentriques-orbitals-rotatives","7":"product_cat-excentriques-orbitals-electirques","9":"first","10":"instock","11":"taxable","12":"shipping-taxable","13":"purchasable","14":"product-type-simple"},"_links":{"self":[{"href":"https:\/\/7distribucions.com\/en\/wp-json\/wp\/v2\/product\/2267","targetHints":{"allow":["GET"]}}],"collection":[{"href":"https:\/\/7distribucions.com\/en\/wp-json\/wp\/v2\/product"}],"about":[{"href":"https:\/\/7distribucions.com\/en\/wp-json\/wp\/v2\/types\/product"}],"wp:featuredmedia":[{"embeddable":true,"href":"https:\/\/7distribucions.com\/en\/wp-json\/wp\/v2\/media\/2268"}],"wp:attachment":[{"href":"https:\/\/7distribucions.com\/en\/wp-json\/wp\/v2\/media?parent=2267"}],"wp:term":[{"taxonomy":"product_brand","embeddable":true,"href":"https:\/\/7distribucions.com\/en\/wp-json\/wp\/v2\/product_brand?post=2267"},{"taxonomy":"product_cat","embeddable":true,"href":"https:\/\/7distribucions.com\/en\/wp-json\/wp\/v2\/product_cat?post=2267"},{"taxonomy":"product_tag","embeddable":true,"href":"https:\/\/7distribucions.com\/en\/wp-json\/wp\/v2\/product_tag?post=2267"}],"curies":[{"name":"wp","href":"https:\/\/api.w.org\/{rel}","templated":true}]}}