{"id":2168,"date":"2023-03-08T01:54:36","date_gmt":"2023-03-08T01:54:36","guid":{"rendered":"https:\/\/7distribucions.com\/?post_type=product&#038;p=2168"},"modified":"2026-01-21T13:57:06","modified_gmt":"2026-01-21T13:57:06","slug":"sd-1500-hs","status":"publish","type":"product","link":"https:\/\/7distribucions.com\/en\/producto\/sd-1500-hs\/","title":{"rendered":"SD 1500 HS"},"content":{"rendered":"<p>Dise\u00f1ada para profesionales y operadores de limpieza, la SD 1500 HS es la \u00fanica m\u00e1quina mono-disco de la l\u00ednea IPC que tambi\u00e9n pule suelos.<\/p>\n<p>Un amplio ancho de trabajo (550 mm) permite trabajar en grandes \u00e1reas, el mango ergon\u00f3mico permite moverse f\u00e1cilmente entre objetos y el motor de 1500 W es capaz de eliminar cualquier tipo de suciedad. IPC tambi\u00e9n ha fabricado una serie de almohadillas opcionales para aplicar a la m\u00e1quina pulidora de pisos, para satisfacer cualquier necesidad de limpieza.<\/p>\n<p>La SD 1500 HS se puede utilizar en sectores como la industria, obras de construcci\u00f3n y oficinas.<\/p>\n<p><a href=\"https:\/\/7distribucions.com\/wp-content\/uploads\/2023\/03\/IPC-SD1500HS.pdf\"><strong>VER CAT\u00c1LOGO<\/strong><\/a><\/p>\n","protected":false},"excerpt":{"rendered":"<p>Dise\u00f1ada para profesionales y operadores de limpieza, la SD 1500 HS es la \u00fanica m\u00e1quina mono-disco de la l\u00ednea IPC que tambi\u00e9n pule suelos. Un amplio ancho de trabajo (550&#8230;<\/p>\n","protected":false},"featured_media":2169,"template":"","meta":[],"product_brand":[],"product_cat":[52,50],"product_tag":[],"class_list":{"0":"post-2168","1":"product","2":"type-product","3":"status-publish","4":"has-post-thumbnail","6":"product_cat-altes-revolucions","7":"product_cat-rotatives","9":"first","10":"instock","11":"taxable","12":"shipping-taxable","13":"purchasable","14":"product-type-simple"},"_links":{"self":[{"href":"https:\/\/7distribucions.com\/en\/wp-json\/wp\/v2\/product\/2168","targetHints":{"allow":["GET"]}}],"collection":[{"href":"https:\/\/7distribucions.com\/en\/wp-json\/wp\/v2\/product"}],"about":[{"href":"https:\/\/7distribucions.com\/en\/wp-json\/wp\/v2\/types\/product"}],"wp:featuredmedia":[{"embeddable":true,"href":"https:\/\/7distribucions.com\/en\/wp-json\/wp\/v2\/media\/2169"}],"wp:attachment":[{"href":"https:\/\/7distribucions.com\/en\/wp-json\/wp\/v2\/media?parent=2168"}],"wp:term":[{"taxonomy":"product_brand","embeddable":true,"href":"https:\/\/7distribucions.com\/en\/wp-json\/wp\/v2\/product_brand?post=2168"},{"taxonomy":"product_cat","embeddable":true,"href":"https:\/\/7distribucions.com\/en\/wp-json\/wp\/v2\/product_cat?post=2168"},{"taxonomy":"product_tag","embeddable":true,"href":"https:\/\/7distribucions.com\/en\/wp-json\/wp\/v2\/product_tag?post=2168"}],"curies":[{"name":"wp","href":"https:\/\/api.w.org\/{rel}","templated":true}]}}