{"id":2143,"date":"2023-03-08T00:58:52","date_gmt":"2023-03-08T00:58:52","guid":{"rendered":"https:\/\/7distribucions.com\/?post_type=product&#038;p=2143"},"modified":"2025-03-26T12:39:51","modified_gmt":"2025-03-26T12:39:51","slug":"sg-50","status":"publish","type":"product","link":"https:\/\/7distribucions.com\/en\/producto\/sg-50\/","title":{"rendered":"SG 50"},"content":{"rendered":"<p>CARACTER\u00cdSTICAS PRINCIPALES Estructura de Acero Inoxidable Resistencia en Caldera No Est\u00e1 en Contacto Directo con el Agua Panel de Control con Botones T\u00e1ctiles<\/p>\n<p><a href=\"https:\/\/7distribucions.com\/wp-content\/uploads\/2023\/03\/IPC-SG-50-M-T.pdf\"><strong>VER CAT\u00c1LOGO<\/strong><\/a><\/p>\n","protected":false},"excerpt":{"rendered":"<p>CARACTER\u00cdSTICAS PRINCIPALES Estructura de Acero Inoxidable Resistencia en Caldera No Est\u00e1 en Contacto Directo con el Agua Panel de Control con Botones T\u00e1ctiles VER CAT\u00c1LOGO<\/p>\n","protected":false},"featured_media":2144,"template":"","meta":[],"product_brand":[],"product_cat":[42,45],"product_tag":[],"class_list":{"0":"post-2143","1":"product","2":"type-product","3":"status-publish","4":"has-post-thumbnail","6":"product_cat-vapor","7":"product_cat-vapor-quimic","9":"first","10":"instock","11":"taxable","12":"shipping-taxable","13":"purchasable","14":"product-type-simple"},"_links":{"self":[{"href":"https:\/\/7distribucions.com\/en\/wp-json\/wp\/v2\/product\/2143","targetHints":{"allow":["GET"]}}],"collection":[{"href":"https:\/\/7distribucions.com\/en\/wp-json\/wp\/v2\/product"}],"about":[{"href":"https:\/\/7distribucions.com\/en\/wp-json\/wp\/v2\/types\/product"}],"wp:featuredmedia":[{"embeddable":true,"href":"https:\/\/7distribucions.com\/en\/wp-json\/wp\/v2\/media\/2144"}],"wp:attachment":[{"href":"https:\/\/7distribucions.com\/en\/wp-json\/wp\/v2\/media?parent=2143"}],"wp:term":[{"taxonomy":"product_brand","embeddable":true,"href":"https:\/\/7distribucions.com\/en\/wp-json\/wp\/v2\/product_brand?post=2143"},{"taxonomy":"product_cat","embeddable":true,"href":"https:\/\/7distribucions.com\/en\/wp-json\/wp\/v2\/product_cat?post=2143"},{"taxonomy":"product_tag","embeddable":true,"href":"https:\/\/7distribucions.com\/en\/wp-json\/wp\/v2\/product_tag?post=2143"}],"curies":[{"name":"wp","href":"https:\/\/api.w.org\/{rel}","templated":true}]}}