{"id":2140,"date":"2023-03-08T00:55:57","date_gmt":"2023-03-08T00:55:57","guid":{"rendered":"https:\/\/7distribucions.com\/?post_type=product&#038;p=2140"},"modified":"2026-01-15T21:41:25","modified_gmt":"2026-01-15T21:41:25","slug":"sg48","status":"publish","type":"product","link":"https:\/\/7distribucions.com\/en\/producto\/sg48\/","title":{"rendered":"SG48"},"content":{"rendered":"<p>Caracter\u00edsticas principales Ergonom\u00eda Caldera potente Anti-\u00e1caros Filtro de alta prestaciones Parada autom\u00e1tica Protecci\u00f3n contra descargas accidentales de vapor Tubos flexibles Componentes de larga duraci\u00f3n Aspiraci\u00f3n<\/p>\n<p><a href=\"https:\/\/7distribucions.com\/wp-content\/uploads\/2023\/03\/IPC-SG-48-1.pdf\"><strong>VER CAT\u00c1LOGO<\/strong><\/a><\/p>\n","protected":false},"excerpt":{"rendered":"<p>Caracter\u00edsticas principales Ergonom\u00eda Caldera potente Anti-\u00e1caros Filtro de alta prestaciones Parada autom\u00e1tica Protecci\u00f3n contra descargas accidentales de vapor Tubos flexibles Componentes de larga duraci\u00f3n Aspiraci\u00f3n VER CAT\u00c1LOGO<\/p>\n","protected":false},"featured_media":2141,"template":"","meta":[],"product_brand":[],"product_cat":[42,44],"product_tag":[],"class_list":{"0":"post-2140","1":"product","2":"type-product","3":"status-publish","4":"has-post-thumbnail","6":"product_cat-vapor","7":"product_cat-vapor-aspiracio-quimic","9":"first","10":"instock","11":"taxable","12":"shipping-taxable","13":"purchasable","14":"product-type-simple"},"_links":{"self":[{"href":"https:\/\/7distribucions.com\/en\/wp-json\/wp\/v2\/product\/2140","targetHints":{"allow":["GET"]}}],"collection":[{"href":"https:\/\/7distribucions.com\/en\/wp-json\/wp\/v2\/product"}],"about":[{"href":"https:\/\/7distribucions.com\/en\/wp-json\/wp\/v2\/types\/product"}],"wp:featuredmedia":[{"embeddable":true,"href":"https:\/\/7distribucions.com\/en\/wp-json\/wp\/v2\/media\/2141"}],"wp:attachment":[{"href":"https:\/\/7distribucions.com\/en\/wp-json\/wp\/v2\/media?parent=2140"}],"wp:term":[{"taxonomy":"product_brand","embeddable":true,"href":"https:\/\/7distribucions.com\/en\/wp-json\/wp\/v2\/product_brand?post=2140"},{"taxonomy":"product_cat","embeddable":true,"href":"https:\/\/7distribucions.com\/en\/wp-json\/wp\/v2\/product_cat?post=2140"},{"taxonomy":"product_tag","embeddable":true,"href":"https:\/\/7distribucions.com\/en\/wp-json\/wp\/v2\/product_tag?post=2140"}],"curies":[{"name":"wp","href":"https:\/\/api.w.org\/{rel}","templated":true}]}}