{"id":2132,"date":"2023-03-08T00:47:03","date_gmt":"2023-03-08T00:47:03","guid":{"rendered":"https:\/\/7distribucions.com\/?post_type=product&#038;p=2132"},"modified":"2026-01-15T21:41:21","modified_gmt":"2026-01-15T21:41:21","slug":"sg-10","status":"publish","type":"product","link":"https:\/\/7distribucions.com\/en\/producto\/sg-10\/","title":{"rendered":"SG 10"},"content":{"rendered":"<p>Descripci\u00f3n<\/p>\n<p><strong>CARACTER\u00cdSTICAS EXCLUSIVAS<\/strong><\/p>\n<ul>\n<li>CALDERA POTENTE<\/li>\n<li>ANTI-\u00c1CAROS<\/li>\n<li>APAGADO AUTOM\u00c1TICO<\/li>\n<li>SEGURIDAD<\/li>\n<li>ERGONOM\u00cdA<\/li>\n<li>MANGUERAS RESISTENTES<\/li>\n<li>DURACI\u00d3N<\/li>\n<\/ul>\n<p><a href=\"https:\/\/7distribucions.com\/wp-content\/uploads\/2023\/03\/IPC-SG-10.pdf\"><strong>VER CAT\u00c1LOGO<\/strong><\/a><\/p>\n","protected":false},"excerpt":{"rendered":"<p>Descripci\u00f3n CARACTER\u00cdSTICAS EXCLUSIVAS CALDERA POTENTE ANTI-\u00c1CAROS APAGADO AUTOM\u00c1TICO SEGURIDAD ERGONOM\u00cdA MANGUERAS RESISTENTES DURACI\u00d3N VER CAT\u00c1LOGO<\/p>\n","protected":false},"featured_media":2133,"template":"","meta":[],"product_brand":[],"product_cat":[120,42],"product_tag":[],"class_list":{"0":"post-2132","1":"product","2":"type-product","3":"status-publish","4":"has-post-thumbnail","6":"product_cat-destacados","7":"product_cat-vapor","9":"first","10":"instock","11":"taxable","12":"shipping-taxable","13":"purchasable","14":"product-type-simple"},"_links":{"self":[{"href":"https:\/\/7distribucions.com\/en\/wp-json\/wp\/v2\/product\/2132","targetHints":{"allow":["GET"]}}],"collection":[{"href":"https:\/\/7distribucions.com\/en\/wp-json\/wp\/v2\/product"}],"about":[{"href":"https:\/\/7distribucions.com\/en\/wp-json\/wp\/v2\/types\/product"}],"wp:featuredmedia":[{"embeddable":true,"href":"https:\/\/7distribucions.com\/en\/wp-json\/wp\/v2\/media\/2133"}],"wp:attachment":[{"href":"https:\/\/7distribucions.com\/en\/wp-json\/wp\/v2\/media?parent=2132"}],"wp:term":[{"taxonomy":"product_brand","embeddable":true,"href":"https:\/\/7distribucions.com\/en\/wp-json\/wp\/v2\/product_brand?post=2132"},{"taxonomy":"product_cat","embeddable":true,"href":"https:\/\/7distribucions.com\/en\/wp-json\/wp\/v2\/product_cat?post=2132"},{"taxonomy":"product_tag","embeddable":true,"href":"https:\/\/7distribucions.com\/en\/wp-json\/wp\/v2\/product_tag?post=2132"}],"curies":[{"name":"wp","href":"https:\/\/api.w.org\/{rel}","templated":true}]}}