{"id":2119,"date":"2023-03-07T19:05:35","date_gmt":"2023-03-07T19:05:35","guid":{"rendered":"https:\/\/7distribucions.com\/?post_type=product&#038;p=2119"},"modified":"2026-01-15T16:52:02","modified_gmt":"2026-01-15T16:52:02","slug":"planet-775-atex","status":"publish","type":"product","link":"https:\/\/7distribucions.com\/en\/producto\/planet-775-atex\/","title":{"rendered":"PLANET 775 ATEX"},"content":{"rendered":"<p>El aspirador industrial IPC Planet 775, tiene un potente motor trif\u00e1sico que proporciona un excelente flujo de aire y capacidad de succi\u00f3n.<\/p>\n<p>Son m\u00e1quinas ideales para clientes que tienen que trabajar en ambientes sensibles y requieren equipos confiables.<\/p>\n<p><a href=\"https:\/\/7distribucions.com\/wp-content\/uploads\/2023\/03\/IPC-PLANET-775-ATEX-1.pdf\"><strong>VER CAT\u00c1LOGO<\/strong><\/a><\/p>\n","protected":false},"excerpt":{"rendered":"<p>El aspirador industrial IPC Planet 775, tiene un potente motor trif\u00e1sico que proporciona un excelente flujo de aire y capacidad de succi\u00f3n. Son m\u00e1quinas ideales para clientes que tienen que&#8230;<\/p>\n","protected":false},"featured_media":2120,"template":"","meta":[],"product_brand":[],"product_cat":[41],"product_tag":[],"class_list":{"0":"post-2119","1":"product","2":"type-product","3":"status-publish","4":"has-post-thumbnail","6":"product_cat-aspiradors-industrials","8":"first","9":"instock","10":"taxable","11":"shipping-taxable","12":"purchasable","13":"product-type-simple"},"_links":{"self":[{"href":"https:\/\/7distribucions.com\/en\/wp-json\/wp\/v2\/product\/2119","targetHints":{"allow":["GET"]}}],"collection":[{"href":"https:\/\/7distribucions.com\/en\/wp-json\/wp\/v2\/product"}],"about":[{"href":"https:\/\/7distribucions.com\/en\/wp-json\/wp\/v2\/types\/product"}],"wp:featuredmedia":[{"embeddable":true,"href":"https:\/\/7distribucions.com\/en\/wp-json\/wp\/v2\/media\/2120"}],"wp:attachment":[{"href":"https:\/\/7distribucions.com\/en\/wp-json\/wp\/v2\/media?parent=2119"}],"wp:term":[{"taxonomy":"product_brand","embeddable":true,"href":"https:\/\/7distribucions.com\/en\/wp-json\/wp\/v2\/product_brand?post=2119"},{"taxonomy":"product_cat","embeddable":true,"href":"https:\/\/7distribucions.com\/en\/wp-json\/wp\/v2\/product_cat?post=2119"},{"taxonomy":"product_tag","embeddable":true,"href":"https:\/\/7distribucions.com\/en\/wp-json\/wp\/v2\/product_tag?post=2119"}],"curies":[{"name":"wp","href":"https:\/\/api.w.org\/{rel}","templated":true}]}}