{"id":2117,"date":"2023-03-07T19:02:41","date_gmt":"2023-03-07T19:02:41","guid":{"rendered":"https:\/\/7distribucions.com\/?post_type=product&#038;p=2117"},"modified":"2025-03-21T11:30:00","modified_gmt":"2025-03-21T11:30:00","slug":"planet-740s","status":"publish","type":"product","link":"https:\/\/7distribucions.com\/en\/producto\/planet-740s\/","title":{"rendered":"PLANET 740S"},"content":{"rendered":"<p>Estructura Robusta Sacudidor Filtro Manual Sistema Vaciado Dep\u00f3sito F\u00e1cil y R\u00e1pido Trabajo continuo Certificado para trabajos en zonas ATEX 22 Dotado con motor as\u00edncrono de larga duraci\u00f3n ATEX POTENCIA 4000 W DEPRESI\u00d3N 2300 mmH2O CAUDAL 410 m3\/h CAPACIDAD DEP\u00d3SITO 100 l DIMENSI\u00d3N ENTRADA \u00d8 70 mm VOLTAJE 380\/50 V\/Hz<\/p>\n<p><a href=\"https:\/\/7distribucions.com\/wp-content\/uploads\/2023\/03\/PLANET-730S_740S_755S_755S-AD_LF2022_ES.pdf\"><strong>VER CAT\u00c1LOGO<\/strong><\/a><\/p>\n","protected":false},"excerpt":{"rendered":"<p>Estructura Robusta Sacudidor Filtro Manual Sistema Vaciado Dep\u00f3sito F\u00e1cil y R\u00e1pido Trabajo continuo Certificado para trabajos en zonas ATEX 22 Dotado con motor as\u00edncrono de larga duraci\u00f3n ATEX POTENCIA 4000&#8230;<\/p>\n","protected":false},"featured_media":2118,"template":"","meta":[],"product_brand":[],"product_cat":[41],"product_tag":[],"class_list":{"0":"post-2117","1":"product","2":"type-product","3":"status-publish","4":"has-post-thumbnail","6":"product_cat-aspiradors-industrials","8":"first","9":"instock","10":"taxable","11":"shipping-taxable","12":"purchasable","13":"product-type-simple"},"_links":{"self":[{"href":"https:\/\/7distribucions.com\/en\/wp-json\/wp\/v2\/product\/2117","targetHints":{"allow":["GET"]}}],"collection":[{"href":"https:\/\/7distribucions.com\/en\/wp-json\/wp\/v2\/product"}],"about":[{"href":"https:\/\/7distribucions.com\/en\/wp-json\/wp\/v2\/types\/product"}],"wp:featuredmedia":[{"embeddable":true,"href":"https:\/\/7distribucions.com\/en\/wp-json\/wp\/v2\/media\/2118"}],"wp:attachment":[{"href":"https:\/\/7distribucions.com\/en\/wp-json\/wp\/v2\/media?parent=2117"}],"wp:term":[{"taxonomy":"product_brand","embeddable":true,"href":"https:\/\/7distribucions.com\/en\/wp-json\/wp\/v2\/product_brand?post=2117"},{"taxonomy":"product_cat","embeddable":true,"href":"https:\/\/7distribucions.com\/en\/wp-json\/wp\/v2\/product_cat?post=2117"},{"taxonomy":"product_tag","embeddable":true,"href":"https:\/\/7distribucions.com\/en\/wp-json\/wp\/v2\/product_tag?post=2117"}],"curies":[{"name":"wp","href":"https:\/\/api.w.org\/{rel}","templated":true}]}}