{"id":2106,"date":"2023-03-07T17:41:50","date_gmt":"2023-03-07T17:41:50","guid":{"rendered":"https:\/\/7distribucions.com\/?post_type=product&#038;p=2106"},"modified":"2026-01-15T16:51:49","modified_gmt":"2026-01-15T16:51:49","slug":"planet-300-mono","status":"publish","type":"product","link":"https:\/\/7distribucions.com\/en\/producto\/planet-300-mono\/","title":{"rendered":"PLANET 300 MONO"},"content":{"rendered":"<p>CARACTER\u00cdSTICAS PRINCIPALES Sacudidor Filtro Manual Sistema Vaciado Dep\u00f3sito F\u00e1cil y R\u00e1pido Ideal para aplicaciones continuas y trabajos pesados F\u00e1cil de mover gracias a la asa y a las ruedas antideslizantes Dotado con motor as\u00edncrono de larga duraci\u00f3n Trabajo continuo<\/p>\n<p><a href=\"https:\/\/7distribucions.com\/wp-content\/uploads\/2023\/03\/PLANET-300-MONO_350S_LF2022_ES.pdf\"><strong>VER CAT\u00c1LOGO<\/strong><\/a><\/p>\n","protected":false},"excerpt":{"rendered":"<p>CARACTER\u00cdSTICAS PRINCIPALES Sacudidor Filtro Manual Sistema Vaciado Dep\u00f3sito F\u00e1cil y R\u00e1pido Ideal para aplicaciones continuas y trabajos pesados F\u00e1cil de mover gracias a la asa y a las ruedas antideslizantes&#8230;<\/p>\n","protected":false},"featured_media":2107,"template":"","meta":[],"product_brand":[],"product_cat":[41],"product_tag":[],"class_list":{"0":"post-2106","1":"product","2":"type-product","3":"status-publish","4":"has-post-thumbnail","6":"product_cat-aspiradors-industrials","8":"first","9":"instock","10":"taxable","11":"shipping-taxable","12":"purchasable","13":"product-type-simple"},"_links":{"self":[{"href":"https:\/\/7distribucions.com\/en\/wp-json\/wp\/v2\/product\/2106","targetHints":{"allow":["GET"]}}],"collection":[{"href":"https:\/\/7distribucions.com\/en\/wp-json\/wp\/v2\/product"}],"about":[{"href":"https:\/\/7distribucions.com\/en\/wp-json\/wp\/v2\/types\/product"}],"wp:featuredmedia":[{"embeddable":true,"href":"https:\/\/7distribucions.com\/en\/wp-json\/wp\/v2\/media\/2107"}],"wp:attachment":[{"href":"https:\/\/7distribucions.com\/en\/wp-json\/wp\/v2\/media?parent=2106"}],"wp:term":[{"taxonomy":"product_brand","embeddable":true,"href":"https:\/\/7distribucions.com\/en\/wp-json\/wp\/v2\/product_brand?post=2106"},{"taxonomy":"product_cat","embeddable":true,"href":"https:\/\/7distribucions.com\/en\/wp-json\/wp\/v2\/product_cat?post=2106"},{"taxonomy":"product_tag","embeddable":true,"href":"https:\/\/7distribucions.com\/en\/wp-json\/wp\/v2\/product_tag?post=2106"}],"curies":[{"name":"wp","href":"https:\/\/api.w.org\/{rel}","templated":true}]}}