{"id":2097,"date":"2023-03-07T17:26:07","date_gmt":"2023-03-07T17:26:07","guid":{"rendered":"https:\/\/7distribucions.com\/?post_type=product&#038;p=2097"},"modified":"2026-01-15T16:51:46","modified_gmt":"2026-01-15T16:51:46","slug":"planet-115-m-gl","status":"publish","type":"product","link":"https:\/\/7distribucions.com\/en\/producto\/planet-115-m-gl\/","title":{"rendered":"PLANET 115 M GL"},"content":{"rendered":"<p>Aspirador agil y de larga duraci\u00f3n Dotado con motor turbina asincrona monof\u00e1sica Ideal para trabajos continuos<\/p>\n<p><strong>Datos tecnicos. <\/strong><\/p>\n<ul>\n<li>POTENCIA 1500 W<\/li>\n<li>DEPRESI\u00d3N 2000 mmH2O<\/li>\n<li>CAUDAL 200 m3\/h<\/li>\n<li>CAPACIDAD DEP\u00d3SITO 60 l<\/li>\n<li>VOLTAJE 230\/50 V\/Hz<\/li>\n<\/ul>\n<p><a href=\"https:\/\/7distribucions.com\/wp-content\/uploads\/2023\/03\/PLANET-115_140-GL_LF2022_ES.pdf\"><strong>VER CAT\u00c1LOGO<\/strong><\/a><\/p>\n","protected":false},"excerpt":{"rendered":"<p>Aspirador agil y de larga duraci\u00f3n Dotado con motor turbina asincrona monof\u00e1sica Ideal para trabajos continuos Datos tecnicos. POTENCIA 1500 W DEPRESI\u00d3N 2000 mmH2O CAUDAL 200 m3\/h CAPACIDAD DEP\u00d3SITO 60&#8230;<\/p>\n","protected":false},"featured_media":2098,"template":"","meta":[],"product_brand":[],"product_cat":[41],"product_tag":[],"class_list":{"0":"post-2097","1":"product","2":"type-product","3":"status-publish","4":"has-post-thumbnail","6":"product_cat-aspiradors-industrials","8":"first","9":"instock","10":"taxable","11":"shipping-taxable","12":"purchasable","13":"product-type-simple"},"_links":{"self":[{"href":"https:\/\/7distribucions.com\/en\/wp-json\/wp\/v2\/product\/2097","targetHints":{"allow":["GET"]}}],"collection":[{"href":"https:\/\/7distribucions.com\/en\/wp-json\/wp\/v2\/product"}],"about":[{"href":"https:\/\/7distribucions.com\/en\/wp-json\/wp\/v2\/types\/product"}],"wp:featuredmedia":[{"embeddable":true,"href":"https:\/\/7distribucions.com\/en\/wp-json\/wp\/v2\/media\/2098"}],"wp:attachment":[{"href":"https:\/\/7distribucions.com\/en\/wp-json\/wp\/v2\/media?parent=2097"}],"wp:term":[{"taxonomy":"product_brand","embeddable":true,"href":"https:\/\/7distribucions.com\/en\/wp-json\/wp\/v2\/product_brand?post=2097"},{"taxonomy":"product_cat","embeddable":true,"href":"https:\/\/7distribucions.com\/en\/wp-json\/wp\/v2\/product_cat?post=2097"},{"taxonomy":"product_tag","embeddable":true,"href":"https:\/\/7distribucions.com\/en\/wp-json\/wp\/v2\/product_tag?post=2097"}],"curies":[{"name":"wp","href":"https:\/\/api.w.org\/{rel}","templated":true}]}}