{"id":2084,"date":"2023-03-07T16:47:58","date_gmt":"2023-03-07T16:47:58","guid":{"rendered":"https:\/\/7distribucions.com\/?post_type=product&#038;p=2084"},"modified":"2026-01-15T16:52:09","modified_gmt":"2026-01-15T16:52:09","slug":"gs2-50-fm-opt-oil","status":"publish","type":"product","link":"https:\/\/7distribucions.com\/en\/producto\/gs2-50-fm-opt-oil\/","title":{"rendered":"GS2-50 FM OPT OIL"},"content":{"rendered":"<p>El aspirador de Aceite GS 2\/50 FM OPT OIL dispone de un dise\u00f1o industrial moderno, ruedas grandes de goma con frenos, cesta separadora l\u00edquidos\/virutas, sistema de drenaje, entrada tangencial y cono de recogida. Adem\u00e1s, cuenta con motores de dos etapas, sistema Flow-mix, que garantiza los mismos altos rendimientos de una m\u00e1quina est\u00e1ndar de tres motores con un menor consumo de energ\u00eda, y sistema de drenaje<\/p>\n<p><a href=\"https:\/\/7distribucions.com\/wp-content\/uploads\/2023\/03\/GS-2_50-FM-OPT-OIL_LF2022_ES.pdf\"><strong>VER CAT\u00c1LOGO<\/strong><\/a><\/p>\n","protected":false},"excerpt":{"rendered":"<p>El aspirador de Aceite GS 2\/50 FM OPT OIL dispone de un dise\u00f1o industrial moderno, ruedas grandes de goma con frenos, cesta separadora l\u00edquidos\/virutas, sistema de drenaje, entrada tangencial y&#8230;<\/p>\n","protected":false},"featured_media":2085,"template":"","meta":[],"product_brand":[],"product_cat":[41],"product_tag":[],"class_list":{"0":"post-2084","1":"product","2":"type-product","3":"status-publish","4":"has-post-thumbnail","6":"product_cat-aspiradors-industrials","8":"first","9":"instock","10":"taxable","11":"shipping-taxable","12":"purchasable","13":"product-type-simple"},"_links":{"self":[{"href":"https:\/\/7distribucions.com\/en\/wp-json\/wp\/v2\/product\/2084","targetHints":{"allow":["GET"]}}],"collection":[{"href":"https:\/\/7distribucions.com\/en\/wp-json\/wp\/v2\/product"}],"about":[{"href":"https:\/\/7distribucions.com\/en\/wp-json\/wp\/v2\/types\/product"}],"wp:featuredmedia":[{"embeddable":true,"href":"https:\/\/7distribucions.com\/en\/wp-json\/wp\/v2\/media\/2085"}],"wp:attachment":[{"href":"https:\/\/7distribucions.com\/en\/wp-json\/wp\/v2\/media?parent=2084"}],"wp:term":[{"taxonomy":"product_brand","embeddable":true,"href":"https:\/\/7distribucions.com\/en\/wp-json\/wp\/v2\/product_brand?post=2084"},{"taxonomy":"product_cat","embeddable":true,"href":"https:\/\/7distribucions.com\/en\/wp-json\/wp\/v2\/product_cat?post=2084"},{"taxonomy":"product_tag","embeddable":true,"href":"https:\/\/7distribucions.com\/en\/wp-json\/wp\/v2\/product_tag?post=2084"}],"curies":[{"name":"wp","href":"https:\/\/api.w.org\/{rel}","templated":true}]}}