{"id":2075,"date":"2023-03-07T15:53:05","date_gmt":"2023-03-07T15:53:05","guid":{"rendered":"https:\/\/7distribucions.com\/?post_type=product&#038;p=2075"},"modified":"2026-01-15T16:52:04","modified_gmt":"2026-01-15T16:52:04","slug":"gs-3-maxibag","status":"publish","type":"product","link":"https:\/\/7distribucions.com\/en\/producto\/gs-3-maxibag\/","title":{"rendered":"GS 3 MAXIBAG"},"content":{"rendered":"<p>El Aspirador GS 3 MAXIBAG es un aspirador profesional elaborado para llevar a cabo grandes tareas de recogida de polvo, de forma eficiente, r\u00e1pida y c\u00f3moda para el operario.<\/p>\n<p>Para conseguir sus buenos resultados, el aspirador cuenta con unas especificaciones t\u00e9cnicas exhaustivas: como los motores independientes con indicadores luminosos de dos etapas.<\/p>\n<p>Su voltaje es de 220-240, la frecuencia de 50-60 Hz, la potencia de 2900-3300 m\u00e1x W, el caudal de 630 m3\/h y la capacidad de la bolsa de 20m.<\/p>\n<p>As\u00ed mismo, ponemos a tu disposici\u00f3n la ficha t\u00e9cnica del aspirador para que compruebes por completo sus datos t\u00e9cnicos.<\/p>\n<p><a href=\"https:\/\/7distribucions.com\/wp-content\/uploads\/2023\/03\/IPC-GS-3-MAXIBAG.pdf\"><strong>VER CAT\u00c1LOGO<\/strong><\/a><\/p>\n","protected":false},"excerpt":{"rendered":"<p>El Aspirador GS 3 MAXIBAG es un aspirador profesional elaborado para llevar a cabo grandes tareas de recogida de polvo, de forma eficiente, r\u00e1pida y c\u00f3moda para el operario. Para&#8230;<\/p>\n","protected":false},"featured_media":2076,"template":"","meta":[],"product_brand":[],"product_cat":[41],"product_tag":[],"class_list":{"0":"post-2075","1":"product","2":"type-product","3":"status-publish","4":"has-post-thumbnail","6":"product_cat-aspiradors-industrials","8":"first","9":"instock","10":"taxable","11":"shipping-taxable","12":"purchasable","13":"product-type-simple"},"_links":{"self":[{"href":"https:\/\/7distribucions.com\/en\/wp-json\/wp\/v2\/product\/2075","targetHints":{"allow":["GET"]}}],"collection":[{"href":"https:\/\/7distribucions.com\/en\/wp-json\/wp\/v2\/product"}],"about":[{"href":"https:\/\/7distribucions.com\/en\/wp-json\/wp\/v2\/types\/product"}],"wp:featuredmedia":[{"embeddable":true,"href":"https:\/\/7distribucions.com\/en\/wp-json\/wp\/v2\/media\/2076"}],"wp:attachment":[{"href":"https:\/\/7distribucions.com\/en\/wp-json\/wp\/v2\/media?parent=2075"}],"wp:term":[{"taxonomy":"product_brand","embeddable":true,"href":"https:\/\/7distribucions.com\/en\/wp-json\/wp\/v2\/product_brand?post=2075"},{"taxonomy":"product_cat","embeddable":true,"href":"https:\/\/7distribucions.com\/en\/wp-json\/wp\/v2\/product_cat?post=2075"},{"taxonomy":"product_tag","embeddable":true,"href":"https:\/\/7distribucions.com\/en\/wp-json\/wp\/v2\/product_tag?post=2075"}],"curies":[{"name":"wp","href":"https:\/\/api.w.org\/{rel}","templated":true}]}}