{"id":2072,"date":"2023-03-07T15:50:25","date_gmt":"2023-03-07T15:50:25","guid":{"rendered":"https:\/\/7distribucions.com\/?post_type=product&#038;p=2072"},"modified":"2026-01-15T16:51:32","modified_gmt":"2026-01-15T16:51:32","slug":"gs-2-50-opt-h-tc-pn","status":"publish","type":"product","link":"https:\/\/7distribucions.com\/en\/producto\/gs-2-50-opt-h-tc-pn\/","title":{"rendered":"GS 2-50 OPT H TC PN"},"content":{"rendered":"<p>Aspirador equipado con 2 motores de doble etapa y certificado clase H, garantiza una alta eficiencia de filtraci\u00f3n para aplicaciones de alto riesgo. El cartucho HEPA H14 permite una alta aspiraci\u00f3n, el sistema de dep\u00f3sito desmontable combinado con la bolsa permite una eliminaci\u00f3n segura de las part\u00edculas. La luz de advertencia avisa la sobrepresi\u00f3n del filtro y el control remoto de aire y \/ o herramientas el\u00e9ctricas simplifican las operaciones de limpieza.<\/p>\n<p><a href=\"https:\/\/7distribucions.com\/wp-content\/uploads\/2023\/03\/GS-2_50-OPT-H-TC-PN_LF2022_ES.pdf\"><strong>VER CAT\u00c1LOGO<\/strong><\/a><\/p>\n","protected":false},"excerpt":{"rendered":"<p>Aspirador equipado con 2 motores de doble etapa y certificado clase H, garantiza una alta eficiencia de filtraci\u00f3n para aplicaciones de alto riesgo. El cartucho HEPA H14 permite una alta&#8230;<\/p>\n","protected":false},"featured_media":2073,"template":"","meta":[],"product_brand":[],"product_cat":[41],"product_tag":[],"class_list":{"0":"post-2072","1":"product","2":"type-product","3":"status-publish","4":"has-post-thumbnail","6":"product_cat-aspiradors-industrials","8":"first","9":"instock","10":"taxable","11":"shipping-taxable","12":"purchasable","13":"product-type-simple"},"_links":{"self":[{"href":"https:\/\/7distribucions.com\/en\/wp-json\/wp\/v2\/product\/2072","targetHints":{"allow":["GET"]}}],"collection":[{"href":"https:\/\/7distribucions.com\/en\/wp-json\/wp\/v2\/product"}],"about":[{"href":"https:\/\/7distribucions.com\/en\/wp-json\/wp\/v2\/types\/product"}],"wp:featuredmedia":[{"embeddable":true,"href":"https:\/\/7distribucions.com\/en\/wp-json\/wp\/v2\/media\/2073"}],"wp:attachment":[{"href":"https:\/\/7distribucions.com\/en\/wp-json\/wp\/v2\/media?parent=2072"}],"wp:term":[{"taxonomy":"product_brand","embeddable":true,"href":"https:\/\/7distribucions.com\/en\/wp-json\/wp\/v2\/product_brand?post=2072"},{"taxonomy":"product_cat","embeddable":true,"href":"https:\/\/7distribucions.com\/en\/wp-json\/wp\/v2\/product_cat?post=2072"},{"taxonomy":"product_tag","embeddable":true,"href":"https:\/\/7distribucions.com\/en\/wp-json\/wp\/v2\/product_tag?post=2072"}],"curies":[{"name":"wp","href":"https:\/\/api.w.org\/{rel}","templated":true}]}}