{"id":2065,"date":"2023-03-07T15:43:07","date_gmt":"2023-03-07T15:43:07","guid":{"rendered":"https:\/\/7distribucions.com\/?post_type=product&#038;p=2065"},"modified":"2026-01-15T16:51:38","modified_gmt":"2026-01-15T16:51:38","slug":"gs-1_41-oven","status":"publish","type":"product","link":"https:\/\/7distribucions.com\/en\/producto\/gs-1_41-oven\/","title":{"rendered":"GS 1_41 OVEN"},"content":{"rendered":"<p>El aspirador GS 1\/41 OVEN de alta temperatura resulta id\u00f3neo para el sector HORECA, recomendable para la industria pesada y agricultura, a la par que totalmente fiable para un uso intensivo. Dispone de motores de dos etapas, ganchos robustos y cartucho HEPA. Adem\u00e1s, destaca por su dise\u00f1o ecol\u00f3gico, fabricado empleando pl\u00e1sticos reciclados (hasta el 75%) de alta calidad, para promover la protecci\u00f3n del medio ambiente y el desarrollo sostenible.<\/p>\n<p><a href=\"https:\/\/7distribucions.com\/wp-content\/uploads\/2023\/03\/GS-1_41-OVEN_LF2022_ES.pdf\"><strong>VER CAT\u00c1LOGO<\/strong><\/a><\/p>\n","protected":false},"excerpt":{"rendered":"<p>El aspirador GS 1\/41 OVEN de alta temperatura resulta id\u00f3neo para el sector HORECA, recomendable para la industria pesada y agricultura, a la par que totalmente fiable para un uso&#8230;<\/p>\n","protected":false},"featured_media":2066,"template":"","meta":[],"product_brand":[],"product_cat":[41],"product_tag":[],"class_list":{"0":"post-2065","1":"product","2":"type-product","3":"status-publish","4":"has-post-thumbnail","6":"product_cat-aspiradors-industrials","8":"first","9":"instock","10":"taxable","11":"shipping-taxable","12":"purchasable","13":"product-type-simple"},"_links":{"self":[{"href":"https:\/\/7distribucions.com\/en\/wp-json\/wp\/v2\/product\/2065","targetHints":{"allow":["GET"]}}],"collection":[{"href":"https:\/\/7distribucions.com\/en\/wp-json\/wp\/v2\/product"}],"about":[{"href":"https:\/\/7distribucions.com\/en\/wp-json\/wp\/v2\/types\/product"}],"wp:featuredmedia":[{"embeddable":true,"href":"https:\/\/7distribucions.com\/en\/wp-json\/wp\/v2\/media\/2066"}],"wp:attachment":[{"href":"https:\/\/7distribucions.com\/en\/wp-json\/wp\/v2\/media?parent=2065"}],"wp:term":[{"taxonomy":"product_brand","embeddable":true,"href":"https:\/\/7distribucions.com\/en\/wp-json\/wp\/v2\/product_brand?post=2065"},{"taxonomy":"product_cat","embeddable":true,"href":"https:\/\/7distribucions.com\/en\/wp-json\/wp\/v2\/product_cat?post=2065"},{"taxonomy":"product_tag","embeddable":true,"href":"https:\/\/7distribucions.com\/en\/wp-json\/wp\/v2\/product_tag?post=2065"}],"curies":[{"name":"wp","href":"https:\/\/api.w.org\/{rel}","templated":true}]}}