{"id":2062,"date":"2023-03-07T15:39:18","date_gmt":"2023-03-07T15:39:18","guid":{"rendered":"https:\/\/7distribucions.com\/?post_type=product&#038;p=2062"},"modified":"2026-01-15T16:52:05","modified_gmt":"2026-01-15T16:52:05","slug":"gc-1-35-oil","status":"publish","type":"product","link":"https:\/\/7distribucions.com\/en\/producto\/gc-1-35-oil\/","title":{"rendered":"GC 1-35 oil"},"content":{"rendered":"<p>Aspirador para recogida simultanea de s\u00f3lidos y l\u00edquidos, espec\u00edficos para recogida de aceite y virutas met\u00e1licas.<\/p>\n<p><a href=\"https:\/\/7distribucions.com\/wp-content\/uploads\/2023\/03\/GC-1_35-OIL_LF2022_ES.pdf\"><strong>VER CAT\u00c1LOGO<\/strong><\/a><\/p>\n","protected":false},"excerpt":{"rendered":"<p>Aspirador para recogida simultanea de s\u00f3lidos y l\u00edquidos, espec\u00edficos para recogida de aceite y virutas met\u00e1licas. VER CAT\u00c1LOGO<\/p>\n","protected":false},"featured_media":2063,"template":"","meta":[],"product_brand":[],"product_cat":[41],"product_tag":[],"class_list":{"0":"post-2062","1":"product","2":"type-product","3":"status-publish","4":"has-post-thumbnail","6":"product_cat-aspiradors-industrials","8":"first","9":"instock","10":"taxable","11":"shipping-taxable","12":"purchasable","13":"product-type-simple"},"_links":{"self":[{"href":"https:\/\/7distribucions.com\/en\/wp-json\/wp\/v2\/product\/2062","targetHints":{"allow":["GET"]}}],"collection":[{"href":"https:\/\/7distribucions.com\/en\/wp-json\/wp\/v2\/product"}],"about":[{"href":"https:\/\/7distribucions.com\/en\/wp-json\/wp\/v2\/types\/product"}],"wp:featuredmedia":[{"embeddable":true,"href":"https:\/\/7distribucions.com\/en\/wp-json\/wp\/v2\/media\/2063"}],"wp:attachment":[{"href":"https:\/\/7distribucions.com\/en\/wp-json\/wp\/v2\/media?parent=2062"}],"wp:term":[{"taxonomy":"product_brand","embeddable":true,"href":"https:\/\/7distribucions.com\/en\/wp-json\/wp\/v2\/product_brand?post=2062"},{"taxonomy":"product_cat","embeddable":true,"href":"https:\/\/7distribucions.com\/en\/wp-json\/wp\/v2\/product_cat?post=2062"},{"taxonomy":"product_tag","embeddable":true,"href":"https:\/\/7distribucions.com\/en\/wp-json\/wp\/v2\/product_tag?post=2062"}],"curies":[{"name":"wp","href":"https:\/\/api.w.org\/{rel}","templated":true}]}}