{"id":2032,"date":"2023-03-04T02:31:21","date_gmt":"2023-03-04T02:31:21","guid":{"rendered":"https:\/\/7distribucions.com\/?post_type=product&#038;p=2032"},"modified":"2026-01-17T18:57:29","modified_gmt":"2026-01-17T18:57:29","slug":"green-jet","status":"publish","type":"product","link":"https:\/\/7distribucions.com\/en\/producto\/green-jet\/","title":{"rendered":"GREEN JET"},"content":{"rendered":"<p>Green Jet es la tecnolog\u00eda de IPC que utiliza agua caliente para eliminar las malas hierbas de una manera efectiva y ecol\u00f3gicamente sostenible, evitando la contaminaci\u00f3n del subsuelo. Green Jet tiene un bajo impacto ambiental porque no utiliza productos qu\u00edmicos, consuma solo 10 litros de agua por minuto y puede suministrarse directamente desde la red de suministro de agua o desde dep\u00f3sitos externos. Garantiza excelentes resultados visibles despu\u00e9s de unos d\u00edas desde la primera intervenci\u00f3n y garantiza la eliminaci\u00f3n final de malezas a partir del segundo a\u00f1o de uso. Recomendado espec\u00edficamente para zonas urbanas.<\/p>\n<p><a href=\"https:\/\/7distribucions.com\/wp-content\/uploads\/2023\/03\/IPC-GREEN-JET.pdf\"><strong>VER CAT\u00c1LOGO<\/strong><\/a><\/p>\n","protected":false},"excerpt":{"rendered":"<p>Green Jet es la tecnolog\u00eda de IPC que utiliza agua caliente para eliminar las malas hierbas de una manera efectiva y ecol\u00f3gicamente sostenible, evitando la contaminaci\u00f3n del subsuelo. Green Jet&#8230;<\/p>\n","protected":false},"featured_media":2033,"template":"","meta":[],"product_brand":[],"product_cat":[39,34],"product_tag":[],"class_list":{"0":"post-2032","1":"product","2":"type-product","3":"status-publish","4":"has-post-thumbnail","6":"product_cat-amb-remolc","7":"product_cat-hidropressio","9":"first","10":"instock","11":"taxable","12":"shipping-taxable","13":"purchasable","14":"product-type-simple"},"_links":{"self":[{"href":"https:\/\/7distribucions.com\/en\/wp-json\/wp\/v2\/product\/2032","targetHints":{"allow":["GET"]}}],"collection":[{"href":"https:\/\/7distribucions.com\/en\/wp-json\/wp\/v2\/product"}],"about":[{"href":"https:\/\/7distribucions.com\/en\/wp-json\/wp\/v2\/types\/product"}],"wp:featuredmedia":[{"embeddable":true,"href":"https:\/\/7distribucions.com\/en\/wp-json\/wp\/v2\/media\/2033"}],"wp:attachment":[{"href":"https:\/\/7distribucions.com\/en\/wp-json\/wp\/v2\/media?parent=2032"}],"wp:term":[{"taxonomy":"product_brand","embeddable":true,"href":"https:\/\/7distribucions.com\/en\/wp-json\/wp\/v2\/product_brand?post=2032"},{"taxonomy":"product_cat","embeddable":true,"href":"https:\/\/7distribucions.com\/en\/wp-json\/wp\/v2\/product_cat?post=2032"},{"taxonomy":"product_tag","embeddable":true,"href":"https:\/\/7distribucions.com\/en\/wp-json\/wp\/v2\/product_tag?post=2032"}],"curies":[{"name":"wp","href":"https:\/\/api.w.org\/{rel}","templated":true}]}}