{"id":2005,"date":"2023-03-04T01:25:18","date_gmt":"2023-03-04T01:25:18","guid":{"rendered":"https:\/\/7distribucions.com\/?post_type=product&#038;p=2005"},"modified":"2025-03-26T11:34:54","modified_gmt":"2025-03-26T11:34:54","slug":"fire-box","status":"publish","type":"product","link":"https:\/\/7distribucions.com\/en\/producto\/fire-box\/","title":{"rendered":"FIRE BOX"},"content":{"rendered":"<p>Calienta agua fr\u00eda hasta 140\u00b0C Comprobaci\u00f3n autom\u00e1tica de falta de agua Tapa y carro de chapa pintada Caldera de alta eficiencia y larga duraci\u00f3n fabricada \u00edntegramente en acero inoxidable.<\/p>\n<p><a href=\"https:\/\/7distribucions.com\/wp-content\/uploads\/2023\/03\/IPC-FIRE-BOX-2.pdf\"><strong>VER CAT\u00c1LOGO<\/strong><\/a><\/p>\n","protected":false},"excerpt":{"rendered":"<p>Calienta agua fr\u00eda hasta 140\u00b0C Comprobaci\u00f3n autom\u00e1tica de falta de agua Tapa y carro de chapa pintada Caldera de alta eficiencia y larga duraci\u00f3n fabricada \u00edntegramente en acero inoxidable. VER&#8230;<\/p>\n","protected":false},"featured_media":2008,"template":"","meta":[],"product_brand":[],"product_cat":[37,34],"product_tag":[],"class_list":{"0":"post-2005","1":"product","2":"type-product","3":"status-publish","4":"has-post-thumbnail","6":"product_cat-autonomes","7":"product_cat-hidropressio","9":"first","10":"instock","11":"taxable","12":"shipping-taxable","13":"product-type-simple"},"_links":{"self":[{"href":"https:\/\/7distribucions.com\/en\/wp-json\/wp\/v2\/product\/2005","targetHints":{"allow":["GET"]}}],"collection":[{"href":"https:\/\/7distribucions.com\/en\/wp-json\/wp\/v2\/product"}],"about":[{"href":"https:\/\/7distribucions.com\/en\/wp-json\/wp\/v2\/types\/product"}],"wp:featuredmedia":[{"embeddable":true,"href":"https:\/\/7distribucions.com\/en\/wp-json\/wp\/v2\/media\/2008"}],"wp:attachment":[{"href":"https:\/\/7distribucions.com\/en\/wp-json\/wp\/v2\/media?parent=2005"}],"wp:term":[{"taxonomy":"product_brand","embeddable":true,"href":"https:\/\/7distribucions.com\/en\/wp-json\/wp\/v2\/product_brand?post=2005"},{"taxonomy":"product_cat","embeddable":true,"href":"https:\/\/7distribucions.com\/en\/wp-json\/wp\/v2\/product_cat?post=2005"},{"taxonomy":"product_tag","embeddable":true,"href":"https:\/\/7distribucions.com\/en\/wp-json\/wp\/v2\/product_tag?post=2005"}],"curies":[{"name":"wp","href":"https:\/\/api.w.org\/{rel}","templated":true}]}}