{"id":2002,"date":"2023-03-04T01:17:57","date_gmt":"2023-03-04T01:17:57","guid":{"rendered":"https:\/\/7distribucions.com\/?post_type=product&#038;p=2002"},"modified":"2025-03-26T11:39:52","modified_gmt":"2025-03-26T11:39:52","slug":"diesel-c","status":"publish","type":"product","link":"https:\/\/7distribucions.com\/en\/producto\/diesel-c\/","title":{"rendered":"DIESEL-C DL2515PI P"},"content":{"rendered":"<p>Bomba IPC Estructura Robusta de Acero Pintada V\u00e1lvula Termost\u00e1tica Motor Honda Ruedas de gran di\u00e1metro con banda ancha 40 mm d\u00eda. Acero tubular. Mejor garant\u00eda de resistencia Desacelerador Hidr\u00e1ulico<\/p>\n<p><a href=\"https:\/\/7distribucions.com\/wp-content\/uploads\/2023\/03\/IPC-DIESEL-C-2.pdf\"><strong>VER CAT\u00c1LOGO<\/strong><\/a><\/p>\n","protected":false},"excerpt":{"rendered":"<p>Bomba IPC Estructura Robusta de Acero Pintada V\u00e1lvula Termost\u00e1tica Motor Honda Ruedas de gran di\u00e1metro con banda ancha 40 mm d\u00eda. Acero tubular. Mejor garant\u00eda de resistencia Desacelerador Hidr\u00e1ulico VER&#8230;<\/p>\n","protected":false},"featured_media":2003,"template":"","meta":[],"product_brand":[],"product_cat":[37,34],"product_tag":[],"class_list":{"0":"post-2002","1":"product","2":"type-product","3":"status-publish","4":"has-post-thumbnail","6":"product_cat-autonomes","7":"product_cat-hidropressio","9":"first","10":"instock","11":"taxable","12":"shipping-taxable","13":"product-type-simple"},"_links":{"self":[{"href":"https:\/\/7distribucions.com\/en\/wp-json\/wp\/v2\/product\/2002","targetHints":{"allow":["GET"]}}],"collection":[{"href":"https:\/\/7distribucions.com\/en\/wp-json\/wp\/v2\/product"}],"about":[{"href":"https:\/\/7distribucions.com\/en\/wp-json\/wp\/v2\/types\/product"}],"wp:featuredmedia":[{"embeddable":true,"href":"https:\/\/7distribucions.com\/en\/wp-json\/wp\/v2\/media\/2003"}],"wp:attachment":[{"href":"https:\/\/7distribucions.com\/en\/wp-json\/wp\/v2\/media?parent=2002"}],"wp:term":[{"taxonomy":"product_brand","embeddable":true,"href":"https:\/\/7distribucions.com\/en\/wp-json\/wp\/v2\/product_brand?post=2002"},{"taxonomy":"product_cat","embeddable":true,"href":"https:\/\/7distribucions.com\/en\/wp-json\/wp\/v2\/product_cat?post=2002"},{"taxonomy":"product_tag","embeddable":true,"href":"https:\/\/7distribucions.com\/en\/wp-json\/wp\/v2\/product_tag?post=2002"}],"curies":[{"name":"wp","href":"https:\/\/api.w.org\/{rel}","templated":true}]}}