{"id":1987,"date":"2023-03-04T00:22:42","date_gmt":"2023-03-04T00:22:42","guid":{"rendered":"https:\/\/7distribucions.com\/?post_type=product&#038;p=1987"},"modified":"2024-04-16T08:51:08","modified_gmt":"2024-04-16T08:51:08","slug":"twock-h","status":"publish","type":"product","link":"https:\/\/7distribucions.com\/en\/producto\/twock-h\/","title":{"rendered":"TWOCK-H D1341 PI T"},"content":{"rendered":"<p>Bomba de alta presi\u00f3n con seis pistones de cer\u00e1mica y dos cabezas de lat\u00f3n. Dos calderas verticales de acero pintado con serpent\u00edn de calentamiento de tubo de acero de doble giro. Dep\u00f3sito combustible de 54 lts Dep\u00f3sito de agua de acero inoxidable<\/p>\n<p><a href=\"https:\/\/7distribucions.com\/wp-content\/uploads\/2023\/03\/IPC-TWOCK-1.pdf\"><strong>VER CAT\u00c1LOGO<\/strong><\/a><\/p>\n","protected":false},"excerpt":{"rendered":"<p>Bomba de alta presi\u00f3n con seis pistones de cer\u00e1mica y dos cabezas de lat\u00f3n. Dos calderas verticales de acero pintado con serpent\u00edn de calentamiento de tubo de acero de doble&#8230;<\/p>\n","protected":false},"featured_media":1989,"template":"","meta":[],"product_brand":[],"product_cat":[36,34],"product_tag":[],"class_list":{"0":"post-1987","1":"product","2":"type-product","3":"status-publish","4":"has-post-thumbnail","6":"product_cat-aigua-calenta","7":"product_cat-hidropressio","9":"first","10":"instock","11":"taxable","12":"shipping-taxable","13":"purchasable","14":"product-type-simple"},"_links":{"self":[{"href":"https:\/\/7distribucions.com\/en\/wp-json\/wp\/v2\/product\/1987","targetHints":{"allow":["GET"]}}],"collection":[{"href":"https:\/\/7distribucions.com\/en\/wp-json\/wp\/v2\/product"}],"about":[{"href":"https:\/\/7distribucions.com\/en\/wp-json\/wp\/v2\/types\/product"}],"wp:featuredmedia":[{"embeddable":true,"href":"https:\/\/7distribucions.com\/en\/wp-json\/wp\/v2\/media\/1989"}],"wp:attachment":[{"href":"https:\/\/7distribucions.com\/en\/wp-json\/wp\/v2\/media?parent=1987"}],"wp:term":[{"taxonomy":"product_brand","embeddable":true,"href":"https:\/\/7distribucions.com\/en\/wp-json\/wp\/v2\/product_brand?post=1987"},{"taxonomy":"product_cat","embeddable":true,"href":"https:\/\/7distribucions.com\/en\/wp-json\/wp\/v2\/product_cat?post=1987"},{"taxonomy":"product_tag","embeddable":true,"href":"https:\/\/7distribucions.com\/en\/wp-json\/wp\/v2\/product_tag?post=1987"}],"curies":[{"name":"wp","href":"https:\/\/api.w.org\/{rel}","templated":true}]}}