{"id":1984,"date":"2023-03-04T00:19:52","date_gmt":"2023-03-04T00:19:52","guid":{"rendered":"https:\/\/7distribucions.com\/?post_type=product&#038;p=1984"},"modified":"2024-04-16T08:51:06","modified_gmt":"2024-04-16T08:51:06","slug":"pw-h100ht","status":"publish","type":"product","link":"https:\/\/7distribucions.com\/en\/producto\/pw-h100ht\/","title":{"rendered":"PW-H100HT D2015P T"},"content":{"rendered":"<p>PW-H100 HTM alcanza los 100\u00b0C tanto para modo de alta como de baja presi\u00f3n. Este innovador modelo supera a todos los dem\u00e1s productos del mercado en t\u00e9rminos de temperatura combinada con el rendimiento (200 bar \u2013 900 l \/ h)<\/p>\n<p><a href=\"https:\/\/7distribucions.com\/wp-content\/uploads\/2023\/03\/IPC-PW-H100-HTM.pdf\"><strong>VER CAT\u00c1LOGO<\/strong><\/a><\/p>\n","protected":false},"excerpt":{"rendered":"<p>PW-H100 HTM alcanza los 100\u00b0C tanto para modo de alta como de baja presi\u00f3n. Este innovador modelo supera a todos los dem\u00e1s productos del mercado en t\u00e9rminos de temperatura combinada&#8230;<\/p>\n","protected":false},"featured_media":1985,"template":"","meta":[],"product_brand":[],"product_cat":[36,34],"product_tag":[],"class_list":{"0":"post-1984","1":"product","2":"type-product","3":"status-publish","4":"has-post-thumbnail","6":"product_cat-aigua-calenta","7":"product_cat-hidropressio","9":"first","10":"instock","11":"taxable","12":"shipping-taxable","13":"purchasable","14":"product-type-simple"},"_links":{"self":[{"href":"https:\/\/7distribucions.com\/en\/wp-json\/wp\/v2\/product\/1984","targetHints":{"allow":["GET"]}}],"collection":[{"href":"https:\/\/7distribucions.com\/en\/wp-json\/wp\/v2\/product"}],"about":[{"href":"https:\/\/7distribucions.com\/en\/wp-json\/wp\/v2\/types\/product"}],"wp:featuredmedia":[{"embeddable":true,"href":"https:\/\/7distribucions.com\/en\/wp-json\/wp\/v2\/media\/1985"}],"wp:attachment":[{"href":"https:\/\/7distribucions.com\/en\/wp-json\/wp\/v2\/media?parent=1984"}],"wp:term":[{"taxonomy":"product_brand","embeddable":true,"href":"https:\/\/7distribucions.com\/en\/wp-json\/wp\/v2\/product_brand?post=1984"},{"taxonomy":"product_cat","embeddable":true,"href":"https:\/\/7distribucions.com\/en\/wp-json\/wp\/v2\/product_cat?post=1984"},{"taxonomy":"product_tag","embeddable":true,"href":"https:\/\/7distribucions.com\/en\/wp-json\/wp\/v2\/product_tag?post=1984"}],"curies":[{"name":"wp","href":"https:\/\/api.w.org\/{rel}","templated":true}]}}