{"id":1963,"date":"2023-03-03T23:50:22","date_gmt":"2023-03-03T23:50:22","guid":{"rendered":"https:\/\/7distribucions.com\/?post_type=product&#038;p=1963"},"modified":"2026-01-17T18:57:14","modified_gmt":"2026-01-17T18:57:14","slug":"pw-c55","status":"publish","type":"product","link":"https:\/\/7distribucions.com\/en\/producto\/pw-c55\/","title":{"rendered":"PW-C55 DP 1721P T"},"content":{"rendered":"<p>Hidrolimpiadora de agua fr\u00eda din\u00e1mica y de altas prestaciones. F\u00e1cil desplazamiento y almacenamiento gracias al asa plegable. Dotaciones y accesorios de f\u00e1cil alcance. Dise\u00f1ada para permitir un r\u00e1pido mantenimiento.<\/p>\n<p><strong>Caracter\u00edsticas principales<\/strong><\/p>\n<ul>\n<li>Parada Total Retrasada<\/li>\n<li>Interruptor Inteligente Proporcional de OFF<\/li>\n<li>Control de Micro P\u00e9rdidas<\/li>\n<li>Control Boquilla obstruida<\/li>\n<li>Sistema Anti-desbordamiento<\/li>\n<li>Indicador Luminoso Mantenimiento<\/li>\n<li>Contador horas de trabajo<\/li>\n<\/ul>\n<p><a href=\"https:\/\/7distribucions.com\/wp-content\/uploads\/2023\/03\/IPC-PW-C55-PREMIUM-1.pdf\"><strong>VER CAT\u00c1LOGO<\/strong><\/a><\/p>\n","protected":false},"excerpt":{"rendered":"<p>Hidrolimpiadora de agua fr\u00eda din\u00e1mica y de altas prestaciones. F\u00e1cil desplazamiento y almacenamiento gracias al asa plegable. Dotaciones y accesorios de f\u00e1cil alcance. Dise\u00f1ada para permitir un r\u00e1pido mantenimiento. Caracter\u00edsticas&#8230;<\/p>\n","protected":false},"featured_media":1964,"template":"","meta":[],"product_brand":[],"product_cat":[35,34],"product_tag":[],"class_list":{"0":"post-1963","1":"product","2":"type-product","3":"status-publish","4":"has-post-thumbnail","6":"product_cat-aigua-freda","7":"product_cat-hidropressio","9":"first","10":"instock","11":"taxable","12":"shipping-taxable","13":"purchasable","14":"product-type-simple"},"_links":{"self":[{"href":"https:\/\/7distribucions.com\/en\/wp-json\/wp\/v2\/product\/1963","targetHints":{"allow":["GET"]}}],"collection":[{"href":"https:\/\/7distribucions.com\/en\/wp-json\/wp\/v2\/product"}],"about":[{"href":"https:\/\/7distribucions.com\/en\/wp-json\/wp\/v2\/types\/product"}],"wp:featuredmedia":[{"embeddable":true,"href":"https:\/\/7distribucions.com\/en\/wp-json\/wp\/v2\/media\/1964"}],"wp:attachment":[{"href":"https:\/\/7distribucions.com\/en\/wp-json\/wp\/v2\/media?parent=1963"}],"wp:term":[{"taxonomy":"product_brand","embeddable":true,"href":"https:\/\/7distribucions.com\/en\/wp-json\/wp\/v2\/product_brand?post=1963"},{"taxonomy":"product_cat","embeddable":true,"href":"https:\/\/7distribucions.com\/en\/wp-json\/wp\/v2\/product_cat?post=1963"},{"taxonomy":"product_tag","embeddable":true,"href":"https:\/\/7distribucions.com\/en\/wp-json\/wp\/v2\/product_tag?post=1963"}],"curies":[{"name":"wp","href":"https:\/\/api.w.org\/{rel}","templated":true}]}}