{"id":1922,"date":"2023-03-03T19:32:06","date_gmt":"2023-03-03T19:32:06","guid":{"rendered":"https:\/\/7distribucions.com\/?post_type=product&#038;p=1922"},"modified":"2024-09-18T20:28:29","modified_gmt":"2024-09-18T20:28:29","slug":"s30","status":"publish","type":"product","link":"https:\/\/7distribucions.com\/en\/producto\/s30\/","title":{"rendered":"S30"},"content":{"rendered":"<p><strong>La barredora de tama\u00f1o medio S30 de Tennant con conductor recoge f\u00e1cilmente todo tipo de suciedad, desde polvo de cemento hasta residuos duros<\/strong><\/p>\n<ul>\n<li>Maximice el rendimiento del barrido con conductor y el control del polvo seco con el sistema SweepSmart\u2122 de tres etapas<\/li>\n<li>Limpie en interiores y exteriores sin comprometer el rendimiento de la barredora con conductor<\/li>\n<li>El dise\u00f1o Ergospace\u2122 del habit\u00e1culo delantero mejora la visibilidad del operario y reduce la fatiga<\/li>\n<\/ul>\n<p><strong>Caracter\u00edsticas clave de la barredora de tama\u00f1o medio S30 con conductor<\/strong><\/p>\n<ul>\n<li>El acceso para mantenimiento Easy-open y la funci\u00f3n de diagn\u00f3stico a bordo facilitan el r\u00e1pido mantenimiento de la barredora<\/li>\n<li>La tecnolog\u00eda de barrido II Speed\u2122 adapta la velocidad de barrido al tipo de residuos<\/li>\n<li>El nivel de ruido de 80 dBA es uno de los m\u00e1s bajos en esta clase de barredoras a motor<\/li>\n<\/ul>\n<p><strong>Elija las opciones m\u00e1s adecuadas para adaptar la barredora de tama\u00f1o medio S30 de conductor a su entorno<\/strong><\/p>\n<ul>\n<li>Los cepillos laterales dobles aumentan la productividad y el ancho de barrido<\/li>\n<li>El parachoques trasero minimiza los da\u00f1os a la m\u00e1quina en entornos dif\u00edciles<\/li>\n<li>La cabina presurizada, con calefacci\u00f3n y aire acondicionado, aumenta la seguridad del operario y reduce la fatiga<\/li>\n<\/ul>\n<p><a href=\"https:\/\/7distribucions.com\/wp-content\/uploads\/2023\/03\/s30_brochure_emea_es.pdf\"><strong>VER CAT\u00c1LOGO<\/strong><\/a><\/p>\n","protected":false},"excerpt":{"rendered":"<p>A CONSULTAR PRECIO OFERTA<\/p>\n","protected":false},"featured_media":1923,"template":"","meta":[],"product_brand":[],"product_cat":[30,33],"product_tag":[],"class_list":{"0":"post-1922","1":"product","2":"type-product","3":"status-publish","4":"has-post-thumbnail","6":"product_cat-escombradores","7":"product_cat-escombredores-explosio-combustio-glp","9":"first","10":"instock","11":"taxable","12":"shipping-taxable","13":"product-type-simple"},"_links":{"self":[{"href":"https:\/\/7distribucions.com\/en\/wp-json\/wp\/v2\/product\/1922","targetHints":{"allow":["GET"]}}],"collection":[{"href":"https:\/\/7distribucions.com\/en\/wp-json\/wp\/v2\/product"}],"about":[{"href":"https:\/\/7distribucions.com\/en\/wp-json\/wp\/v2\/types\/product"}],"wp:featuredmedia":[{"embeddable":true,"href":"https:\/\/7distribucions.com\/en\/wp-json\/wp\/v2\/media\/1923"}],"wp:attachment":[{"href":"https:\/\/7distribucions.com\/en\/wp-json\/wp\/v2\/media?parent=1922"}],"wp:term":[{"taxonomy":"product_brand","embeddable":true,"href":"https:\/\/7distribucions.com\/en\/wp-json\/wp\/v2\/product_brand?post=1922"},{"taxonomy":"product_cat","embeddable":true,"href":"https:\/\/7distribucions.com\/en\/wp-json\/wp\/v2\/product_cat?post=1922"},{"taxonomy":"product_tag","embeddable":true,"href":"https:\/\/7distribucions.com\/en\/wp-json\/wp\/v2\/product_tag?post=1922"}],"curies":[{"name":"wp","href":"https:\/\/api.w.org\/{rel}","templated":true}]}}