{"id":1901,"date":"2023-03-03T18:43:56","date_gmt":"2023-03-03T18:43:56","guid":{"rendered":"https:\/\/7distribucions.com\/?post_type=product&#038;p=1901"},"modified":"2024-09-18T21:56:22","modified_gmt":"2024-09-18T21:56:22","slug":"s20","status":"publish","type":"product","link":"https:\/\/7distribucions.com\/en\/producto\/s20\/","title":{"rendered":"S20"},"content":{"rendered":"<p>La barredora para suelos compacta de tama\u00f1o medio de conductor sentado Tennant S20 es una m\u00e1quina resistente con gran capacidad de maniobra en espacios peque\u00f1os con el rendimiento de barrido de una barredora de tama\u00f1o medio.<\/p>\n<p><a href=\"https:\/\/7distribucions.com\/wp-content\/uploads\/2023\/03\/s20-brochure-es-es.pdf\"><strong>VER CAT\u00c1LOGO<\/strong><\/a><\/p>\n","protected":false},"excerpt":{"rendered":"<p>La barredora para suelos compacta de tama\u00f1o medio de conductor sentado Tennant S20 es una m\u00e1quina resistente con gran capacidad de maniobra en espacios peque\u00f1os con el rendimiento de barrido&#8230;<\/p>\n","protected":false},"featured_media":1902,"template":"","meta":[],"product_brand":[],"product_cat":[30,32,33],"product_tag":[],"class_list":{"0":"post-1901","1":"product","2":"type-product","3":"status-publish","4":"has-post-thumbnail","6":"product_cat-escombradores","7":"product_cat-escombradores-bateries","8":"product_cat-escombredores-explosio-combustio-glp","10":"first","11":"instock","12":"taxable","13":"shipping-taxable","14":"product-type-simple"},"_links":{"self":[{"href":"https:\/\/7distribucions.com\/en\/wp-json\/wp\/v2\/product\/1901","targetHints":{"allow":["GET"]}}],"collection":[{"href":"https:\/\/7distribucions.com\/en\/wp-json\/wp\/v2\/product"}],"about":[{"href":"https:\/\/7distribucions.com\/en\/wp-json\/wp\/v2\/types\/product"}],"wp:featuredmedia":[{"embeddable":true,"href":"https:\/\/7distribucions.com\/en\/wp-json\/wp\/v2\/media\/1902"}],"wp:attachment":[{"href":"https:\/\/7distribucions.com\/en\/wp-json\/wp\/v2\/media?parent=1901"}],"wp:term":[{"taxonomy":"product_brand","embeddable":true,"href":"https:\/\/7distribucions.com\/en\/wp-json\/wp\/v2\/product_brand?post=1901"},{"taxonomy":"product_cat","embeddable":true,"href":"https:\/\/7distribucions.com\/en\/wp-json\/wp\/v2\/product_cat?post=1901"},{"taxonomy":"product_tag","embeddable":true,"href":"https:\/\/7distribucions.com\/en\/wp-json\/wp\/v2\/product_tag?post=1901"}],"curies":[{"name":"wp","href":"https:\/\/api.w.org\/{rel}","templated":true}]}}