{"id":1891,"date":"2023-03-03T18:15:35","date_gmt":"2023-03-03T18:15:35","guid":{"rendered":"https:\/\/7distribucions.com\/?post_type=product&#038;p=1891"},"modified":"2025-09-16T11:59:30","modified_gmt":"2025-09-16T11:59:30","slug":"s10","status":"publish","type":"product","link":"https:\/\/7distribucions.com\/en\/producto\/s10\/","title":{"rendered":"S10"},"content":{"rendered":"<p><strong>La barredora industrial para suelos S10 de Tennant est\u00e1 fabricada para trabajos pesados a fin de enfrentarse a los entornos industriales m\u00e1s rigurosos:<\/strong><\/p>\n<ul>\n<li>Barra espacios abiertos y estrechos en los entornos m\u00e1s dif\u00edciles con una barredora de conductor acompa\u00f1ante construida para su mayor durabilidad y obtener resultados y control del polvo excepcionales<\/li>\n<li>Mejore el tiempo \u00fatil de limpieza con una de las tolvas m\u00e1s grandes que se pueden encontrar entre las barredoras de conductor acompa\u00f1ante<\/li>\n<li>Proteja a sus empleados e instalaciones del polvo potencialmente peligroso absorbiendo las part\u00edculas de hasta 3 micras<\/li>\n<\/ul>\n<p><a href=\"https:\/\/7distribucions.com\/wp-content\/uploads\/2023\/03\/S10-Folleto-ES.pdf\"><strong>VER CAT\u00c1LOGO<\/strong><\/a><\/p>\n","protected":false},"excerpt":{"rendered":"<p>La barredora industrial para suelos S10 de Tennant est\u00e1 fabricada para trabajos pesados a fin de enfrentarse a los entornos industriales m\u00e1s rigurosos: Barra espacios abiertos y estrechos en los&#8230;<\/p>\n","protected":false},"featured_media":1892,"template":"","meta":[],"product_brand":[],"product_cat":[30,32],"product_tag":[],"class_list":{"0":"post-1891","1":"product","2":"type-product","3":"status-publish","4":"has-post-thumbnail","6":"product_cat-escombradores","7":"product_cat-escombradores-bateries","9":"first","10":"instock","11":"taxable","12":"shipping-taxable","13":"purchasable","14":"product-type-simple"},"_links":{"self":[{"href":"https:\/\/7distribucions.com\/en\/wp-json\/wp\/v2\/product\/1891","targetHints":{"allow":["GET"]}}],"collection":[{"href":"https:\/\/7distribucions.com\/en\/wp-json\/wp\/v2\/product"}],"about":[{"href":"https:\/\/7distribucions.com\/en\/wp-json\/wp\/v2\/types\/product"}],"wp:featuredmedia":[{"embeddable":true,"href":"https:\/\/7distribucions.com\/en\/wp-json\/wp\/v2\/media\/1892"}],"wp:attachment":[{"href":"https:\/\/7distribucions.com\/en\/wp-json\/wp\/v2\/media?parent=1891"}],"wp:term":[{"taxonomy":"product_brand","embeddable":true,"href":"https:\/\/7distribucions.com\/en\/wp-json\/wp\/v2\/product_brand?post=1891"},{"taxonomy":"product_cat","embeddable":true,"href":"https:\/\/7distribucions.com\/en\/wp-json\/wp\/v2\/product_cat?post=1891"},{"taxonomy":"product_tag","embeddable":true,"href":"https:\/\/7distribucions.com\/en\/wp-json\/wp\/v2\/product_tag?post=1891"}],"curies":[{"name":"wp","href":"https:\/\/api.w.org\/{rel}","templated":true}]}}