{"id":1886,"date":"2023-03-03T18:00:46","date_gmt":"2023-03-03T18:00:46","guid":{"rendered":"https:\/\/7distribucions.com\/?post_type=product&#038;p=1886"},"modified":"2026-02-08T10:09:21","modified_gmt":"2026-02-08T10:09:21","slug":"ecol-65","status":"publish","type":"product","link":"https:\/\/7distribucions.com\/en\/producto\/ecol-65\/","title":{"rendered":"ECOL 65"},"content":{"rendered":"<p>Barredora profesional con un dep\u00f3sito frontal para la recogida de grandes residuos y uno trasero para la recogida y filtraci\u00f3n del polvo, especialmente dise\u00f1ada para trabajos de limpieza en peque\u00f1os almacenes, patios o zonas exteriores Permite la recogida de residuos de gran volumen, gracias a que est\u00e1 dotada de dos tanques. Indicador del estado de carga de las bater\u00edas. Enchufe externo para la carga de bater\u00edas Incorpora un cepillo central y un cepillo lateral de dureza media<\/p>\n<p><a href=\"https:\/\/7distribucions.com\/wp-content\/uploads\/2023\/03\/IPC-ECOL65-2.pdf\"><strong>VER CAT\u00c1LOGO<\/strong><\/a><\/p>\n","protected":false},"excerpt":{"rendered":"<p>Barredora profesional con un dep\u00f3sito frontal para la recogida de grandes residuos y uno trasero para la recogida y filtraci\u00f3n del polvo, especialmente dise\u00f1ada para trabajos de limpieza en peque\u00f1os&#8230;<\/p>\n","protected":false},"featured_media":1887,"template":"","meta":[],"product_brand":[],"product_cat":[30,32],"product_tag":[],"class_list":{"0":"post-1886","1":"product","2":"type-product","3":"status-publish","4":"has-post-thumbnail","6":"product_cat-escombradores","7":"product_cat-escombradores-bateries","9":"first","10":"instock","11":"taxable","12":"shipping-taxable","13":"purchasable","14":"product-type-simple"},"_links":{"self":[{"href":"https:\/\/7distribucions.com\/en\/wp-json\/wp\/v2\/product\/1886","targetHints":{"allow":["GET"]}}],"collection":[{"href":"https:\/\/7distribucions.com\/en\/wp-json\/wp\/v2\/product"}],"about":[{"href":"https:\/\/7distribucions.com\/en\/wp-json\/wp\/v2\/types\/product"}],"wp:featuredmedia":[{"embeddable":true,"href":"https:\/\/7distribucions.com\/en\/wp-json\/wp\/v2\/media\/1887"}],"wp:attachment":[{"href":"https:\/\/7distribucions.com\/en\/wp-json\/wp\/v2\/media?parent=1886"}],"wp:term":[{"taxonomy":"product_brand","embeddable":true,"href":"https:\/\/7distribucions.com\/en\/wp-json\/wp\/v2\/product_brand?post=1886"},{"taxonomy":"product_cat","embeddable":true,"href":"https:\/\/7distribucions.com\/en\/wp-json\/wp\/v2\/product_cat?post=1886"},{"taxonomy":"product_tag","embeddable":true,"href":"https:\/\/7distribucions.com\/en\/wp-json\/wp\/v2\/product_tag?post=1886"}],"curies":[{"name":"wp","href":"https:\/\/api.w.org\/{rel}","templated":true}]}}