{"id":1866,"date":"2023-03-03T02:44:33","date_gmt":"2023-03-03T02:44:33","guid":{"rendered":"https:\/\/7distribucions.com\/?post_type=product&#038;p=1866"},"modified":"2026-02-08T10:09:25","modified_gmt":"2026-02-08T10:09:25","slug":"155","status":"publish","type":"product","link":"https:\/\/7distribucions.com\/en\/producto\/155\/","title":{"rendered":"155"},"content":{"rendered":"<p>La barredora industrial totalmente hidr\u00e1ulica 155 es la m\u00e1quina ideal para la limpieza de espacios medianos y grandes.<\/p>\n<p>Garantiza un rendimiento de hasta 10,080 m2 \/ h y, gracias a su cepillo central y la carga frontal, elimina f\u00e1cilmente la suciedad y los residuos voluminosos.<\/p>\n<p>Est\u00e1 disponible en versiones de bater\u00eda, di\u00e9sel, gasolina y LPG, para una m\u00e1xima versatilidad en todas las aplicaciones. Puede trabajar en interiores o exteriores, seg\u00fan el modelo elegido.<\/p>\n<p><a href=\"https:\/\/7distribucions.com\/wp-content\/uploads\/2023\/03\/IPC-155-3.pdf\"><strong>VER CAT\u00c1LOGO<\/strong><\/a><\/p>\n","protected":false},"excerpt":{"rendered":"<p>La barredora industrial totalmente hidr\u00e1ulica 155 es la m\u00e1quina ideal para la limpieza de espacios medianos y grandes. Garantiza un rendimiento de hasta 10,080 m2 \/ h y, gracias a&#8230;<\/p>\n","protected":false},"featured_media":1867,"template":"","meta":[],"product_brand":[],"product_cat":[30,32,33],"product_tag":[],"class_list":{"0":"post-1866","1":"product","2":"type-product","3":"status-publish","4":"has-post-thumbnail","6":"product_cat-escombradores","7":"product_cat-escombradores-bateries","8":"product_cat-escombredores-explosio-combustio-glp","10":"first","11":"instock","12":"taxable","13":"shipping-taxable","14":"purchasable","15":"product-type-simple"},"_links":{"self":[{"href":"https:\/\/7distribucions.com\/en\/wp-json\/wp\/v2\/product\/1866","targetHints":{"allow":["GET"]}}],"collection":[{"href":"https:\/\/7distribucions.com\/en\/wp-json\/wp\/v2\/product"}],"about":[{"href":"https:\/\/7distribucions.com\/en\/wp-json\/wp\/v2\/types\/product"}],"wp:featuredmedia":[{"embeddable":true,"href":"https:\/\/7distribucions.com\/en\/wp-json\/wp\/v2\/media\/1867"}],"wp:attachment":[{"href":"https:\/\/7distribucions.com\/en\/wp-json\/wp\/v2\/media?parent=1866"}],"wp:term":[{"taxonomy":"product_brand","embeddable":true,"href":"https:\/\/7distribucions.com\/en\/wp-json\/wp\/v2\/product_brand?post=1866"},{"taxonomy":"product_cat","embeddable":true,"href":"https:\/\/7distribucions.com\/en\/wp-json\/wp\/v2\/product_cat?post=1866"},{"taxonomy":"product_tag","embeddable":true,"href":"https:\/\/7distribucions.com\/en\/wp-json\/wp\/v2\/product_tag?post=1866"}],"curies":[{"name":"wp","href":"https:\/\/api.w.org\/{rel}","templated":true}]}}