{"id":1853,"date":"2023-03-03T01:55:57","date_gmt":"2023-03-03T01:55:57","guid":{"rendered":"https:\/\/7distribucions.com\/?post_type=product&#038;p=1853"},"modified":"2026-02-08T10:09:15","modified_gmt":"2026-02-08T10:09:15","slug":"510-m","status":"publish","type":"product","link":"https:\/\/7distribucions.com\/en\/producto\/510-m\/","title":{"rendered":"510 M"},"content":{"rendered":"<p>La 510 es una m\u00e1quina indispensable para la limpieza de exteriores. Con esta barredora manual de empuje podr\u00e1 limpiar r\u00e1pidamente su garaje, c\u00e9sped y patio de hojas y peque\u00f1os residuos. El movimiento mec\u00e1nico de las ruedas activa la rotaci\u00f3n del cepillo, lo que le permite trabajar sin consumo de energ\u00eda, haciendo que la barredora 510 M sea totalmente ecol\u00f3gica.<\/p>\n<p><a href=\"https:\/\/7distribucions.com\/wp-content\/uploads\/2023\/03\/IPC-510M-1.pdf\"><strong>VER CAT\u00c1LOGO<\/strong><\/a><\/p>\n","protected":false},"excerpt":{"rendered":"<p>La 510 es una m\u00e1quina indispensable para la limpieza de exteriores. Con esta barredora manual de empuje podr\u00e1 limpiar r\u00e1pidamente su garaje, c\u00e9sped y patio de hojas y peque\u00f1os residuos&#8230;.<\/p>\n","protected":false},"featured_media":1854,"template":"","meta":[],"product_brand":[],"product_cat":[30,31],"product_tag":[],"class_list":{"0":"post-1853","1":"product","2":"type-product","3":"status-publish","4":"has-post-thumbnail","6":"product_cat-escombradores","7":"product_cat-escombradores-manuals","9":"first","10":"instock","11":"taxable","12":"shipping-taxable","13":"purchasable","14":"product-type-simple"},"_links":{"self":[{"href":"https:\/\/7distribucions.com\/en\/wp-json\/wp\/v2\/product\/1853","targetHints":{"allow":["GET"]}}],"collection":[{"href":"https:\/\/7distribucions.com\/en\/wp-json\/wp\/v2\/product"}],"about":[{"href":"https:\/\/7distribucions.com\/en\/wp-json\/wp\/v2\/types\/product"}],"wp:featuredmedia":[{"embeddable":true,"href":"https:\/\/7distribucions.com\/en\/wp-json\/wp\/v2\/media\/1854"}],"wp:attachment":[{"href":"https:\/\/7distribucions.com\/en\/wp-json\/wp\/v2\/media?parent=1853"}],"wp:term":[{"taxonomy":"product_brand","embeddable":true,"href":"https:\/\/7distribucions.com\/en\/wp-json\/wp\/v2\/product_brand?post=1853"},{"taxonomy":"product_cat","embeddable":true,"href":"https:\/\/7distribucions.com\/en\/wp-json\/wp\/v2\/product_cat?post=1853"},{"taxonomy":"product_tag","embeddable":true,"href":"https:\/\/7distribucions.com\/en\/wp-json\/wp\/v2\/product_tag?post=1853"}],"curies":[{"name":"wp","href":"https:\/\/api.w.org\/{rel}","templated":true}]}}