{"id":1737,"date":"2023-03-01T18:55:14","date_gmt":"2023-03-01T18:55:14","guid":{"rendered":"https:\/\/7distribucions.com\/?post_type=product&#038;p=1737"},"modified":"2025-06-13T13:03:32","modified_gmt":"2025-06-13T13:03:32","slug":"daily-35b","status":"publish","type":"product","link":"https:\/\/7distribucions.com\/en\/producto\/daily-35b\/","title":{"rendered":"DAILY 35B"},"content":{"rendered":"<p>La Excentr Daily 35B est\u00e1 dise\u00f1ada para el profesional que espera grandes resultados de una fregadora peque\u00f1a. La bater\u00eda lo hace ideal para zonas con muchos obst\u00e1culos o cuando no hay puntos de alimentaci\u00f3n cercanos. Con una sola bater\u00eda puedes trabajar 30 minutos (hasta 35 minutos) de forma intensiva. La recarga de la bater\u00eda tarda 2 horas, por lo que es posible trabajar las 24 horas del d\u00eda con tres bater\u00edas.<\/p>\n<p>El mango abatible en combinaci\u00f3n con la flexibilidad de la escobilla de goma hace que la m\u00e1quina sea muy corta, por lo que tambi\u00e9n puede utilizarse en espacios reducidos.<\/p>\n<p>Con 2850 movimientos y una alta presi\u00f3n de las almohadillas de casi 30 kg, la potencia de limpieza de la Daily 35B es extraordinaria y no Lene rival en comparaci\u00f3n con otras fregadoras compactas. La Daily 35B se entrega con bater\u00eda y cargador incluidos.<\/p>\n<p><a href=\"https:\/\/7distribucions.com\/wp-content\/uploads\/2023\/03\/7-EXCENTR-DAILY-35E-35B-ESPANOL-20-MAYO-2021-1.pdf\" target=\"_blank\" rel=\"noopener\"><strong>VER CAT\u00c1LOGO<\/strong><\/a><\/p>\n","protected":false},"excerpt":{"rendered":"<p>La Excentr Daily 35B est\u00e1 dise\u00f1ada para el profesional que espera grandes resultados de una fregadora peque\u00f1a. La bater\u00eda lo hace ideal para zonas con muchos obst\u00e1culos o cuando no&#8230;<\/p>\n","protected":false},"featured_media":1738,"template":"","meta":[],"product_brand":[],"product_cat":[24,120,22],"product_tag":[],"class_list":{"0":"post-1737","1":"product","2":"type-product","3":"status-publish","4":"has-post-thumbnail","6":"product_cat-bateries-conductor-acompanyant","7":"product_cat-destacados","8":"product_cat-fregadores","10":"first","11":"instock","12":"taxable","13":"shipping-taxable","14":"purchasable","15":"product-type-simple"},"_links":{"self":[{"href":"https:\/\/7distribucions.com\/en\/wp-json\/wp\/v2\/product\/1737","targetHints":{"allow":["GET"]}}],"collection":[{"href":"https:\/\/7distribucions.com\/en\/wp-json\/wp\/v2\/product"}],"about":[{"href":"https:\/\/7distribucions.com\/en\/wp-json\/wp\/v2\/types\/product"}],"wp:featuredmedia":[{"embeddable":true,"href":"https:\/\/7distribucions.com\/en\/wp-json\/wp\/v2\/media\/1738"}],"wp:attachment":[{"href":"https:\/\/7distribucions.com\/en\/wp-json\/wp\/v2\/media?parent=1737"}],"wp:term":[{"taxonomy":"product_brand","embeddable":true,"href":"https:\/\/7distribucions.com\/en\/wp-json\/wp\/v2\/product_brand?post=1737"},{"taxonomy":"product_cat","embeddable":true,"href":"https:\/\/7distribucions.com\/en\/wp-json\/wp\/v2\/product_cat?post=1737"},{"taxonomy":"product_tag","embeddable":true,"href":"https:\/\/7distribucions.com\/en\/wp-json\/wp\/v2\/product_tag?post=1737"}],"curies":[{"name":"wp","href":"https:\/\/api.w.org\/{rel}","templated":true}]}}