{"id":1677,"date":"2023-03-01T15:05:23","date_gmt":"2023-03-01T15:05:23","guid":{"rendered":"https:\/\/7distribucions.com\/?post_type=product&#038;p=1677"},"modified":"2024-09-18T21:47:12","modified_gmt":"2024-09-18T21:47:12","slug":"robot-aspirador-18v-lxt-con-funcion-retorno-drc300z","status":"publish","type":"product","link":"https:\/\/7distribucions.com\/en\/producto\/robot-aspirador-18v-lxt-con-funcion-retorno-drc300z\/","title":{"rendered":"Robot aspirador 18V LXT con funci\u00f3n retorno DRC300Z"},"content":{"rendered":"<ul>\n<li style=\"text-align: left;\">Robot aspirador que vuelve autom\u00e1ticamente al punto de partida mediante la funci\u00f3n de mapeo.<\/li>\n<li style=\"text-align: left;\">Memoriza 5 formas de habitaci\u00f3n para una ruta de limpieza \u00f3ptima.<\/li>\n<li style=\"text-align: left;\">Se puede establecer un rango de no entrada.<\/li>\n<li style=\"text-align: left;\">Se puede mostrar el historial de la ruta de limpieza.<\/li>\n<li style=\"text-align: left;\">Modo limpieza aleatorio, o siguiendo un patr\u00f3n.<\/li>\n<li style=\"text-align: left;\">Caja de polvo grande de 3L acoplable \/ desmontable de la parte superior del limpiador.<\/li>\n<li style=\"text-align: left;\">Alimentado por dos bater\u00edas de iones de litio de 18 V en paralelo, capaz de funcionar con una bater\u00eda.<\/li>\n<li style=\"text-align: left;\">Limpieza autom\u00e1tica por la noche en oficinas, almacenes&#8230;<\/li>\n<li style=\"text-align: left;\">Dos modos de recolecci\u00f3n de polvo, &#8220;cepillo el\u00e9ctrico&#8221; para recolectar desechos grandes y peque\u00f1os, y modo &#8220;cepillo motorizado&#8221;, para recoger desechos grandes.<\/li>\n<li style=\"text-align: left;\">Los cepillos laterales grandes permiten limpiar a lo largo de las paredes, alrededor de obst\u00e1culos o esquinas cerradas en cualquiera de los modos de funcionamiento.<\/li>\n<li style=\"text-align: left;\">La l\u00e1mpara LED de advertencia, avisar\u00e1 con un zumbido si el filtro de aire se obstruye.<\/li>\n<li style=\"text-align: left;\">5 sensores IR de desnivel est\u00e1n ubicados en la parte delantera izquierda y derecha, y en la parte trasera izquierda y derecha para minimizar la ca\u00edda del limpiafondos por escalones o escaleras.<\/li>\n<li style=\"text-align: left;\">La escobillas laterales y la escobilla principal pueden colocarse y quitarse sin necesidad de herramientas.<\/li>\n<\/ul>\n<p><a href=\"https:\/\/7distribucions.com\/wp-content\/uploads\/2023\/02\/drc300z_3.pdf\" target=\"_blank\" rel=\"noopener\"><strong>VER CAT\u00c1LOGO<\/strong><\/a><\/p>\n","protected":false},"excerpt":{"rendered":"<p>Robot aspirador que vuelve autom\u00e1ticamente al punto de partida mediante la funci\u00f3n de mapeo. Memoriza 5 formas de habitaci\u00f3n para una ruta de limpieza \u00f3ptima. Se puede establecer un rango&#8230;<\/p>\n","protected":false},"featured_media":1682,"template":"","meta":[],"product_brand":[],"product_cat":[21,19],"product_tag":[],"class_list":{"0":"post-1677","1":"product","2":"type-product","3":"status-publish","4":"has-post-thumbnail","6":"product_cat-aspiradors-autonoms","7":"product_cat-maquines-autonomes-de-neteja","9":"first","10":"outofstock","11":"taxable","12":"shipping-taxable","13":"product-type-simple"},"_links":{"self":[{"href":"https:\/\/7distribucions.com\/en\/wp-json\/wp\/v2\/product\/1677","targetHints":{"allow":["GET"]}}],"collection":[{"href":"https:\/\/7distribucions.com\/en\/wp-json\/wp\/v2\/product"}],"about":[{"href":"https:\/\/7distribucions.com\/en\/wp-json\/wp\/v2\/types\/product"}],"wp:featuredmedia":[{"embeddable":true,"href":"https:\/\/7distribucions.com\/en\/wp-json\/wp\/v2\/media\/1682"}],"wp:attachment":[{"href":"https:\/\/7distribucions.com\/en\/wp-json\/wp\/v2\/media?parent=1677"}],"wp:term":[{"taxonomy":"product_brand","embeddable":true,"href":"https:\/\/7distribucions.com\/en\/wp-json\/wp\/v2\/product_brand?post=1677"},{"taxonomy":"product_cat","embeddable":true,"href":"https:\/\/7distribucions.com\/en\/wp-json\/wp\/v2\/product_cat?post=1677"},{"taxonomy":"product_tag","embeddable":true,"href":"https:\/\/7distribucions.com\/en\/wp-json\/wp\/v2\/product_tag?post=1677"}],"curies":[{"name":"wp","href":"https:\/\/api.w.org\/{rel}","templated":true}]}}