{"id":3061,"date":"2023-04-26T03:02:01","date_gmt":"2023-04-26T03:02:01","guid":{"rendered":"https:\/\/7distribucions.com\/?post_type=product&#038;p=3061"},"modified":"2024-02-02T11:08:36","modified_gmt":"2024-02-02T11:08:36","slug":"hm1111c","status":"publish","type":"product","link":"https:\/\/7distribucions.com\/ca\/producto\/hm1111c\/","title":{"rendered":"HM1111C"},"content":{"rendered":"<ul>\n<li>Modo Ralenti: Reduce las revoluciones en vac\u00edo por lo que reduce la vibraci\u00f3n. Mayor precisi\u00f3n en el comienzo de la demolici\u00f3n<\/li>\n<li>Nueva gama de martillos demoledores de la clase 7 Kg.<\/li>\n<li>Inserci\u00f3n para SDS-MAX de una sola acci\u00f3n con 12 posiciones diferentes de cincelado.<\/li>\n<li>Escobillas m\u00e1s duraderas, aumentando as\u00ed el tiempo de la realizaci\u00f3n del mantenimiento.<\/li>\n<li>Elast\u00f3mero en la empu\u00f1adura, haciendo as\u00ed m\u00e1s c\u00f3moda la utilizaci\u00f3n del martillo para el operario.<\/li>\n<li>Martillo picador ideal para demoliciones en pared, para la realizaci\u00f3n de rozas y ocasionalmente para peque\u00f1as demoliciones en suelo. Con ca\u00f1\u00f3n estrecho para utilizarlo sin empu\u00f1adura y tener m\u00e1s control a la hora de picar.<\/li>\n<li>No baja de revoluciones en carga, arranque suave para mayor control y luces indicadoras de escobillas y aver\u00edas.<\/li>\n<\/ul>\n<p><a href=\"https:\/\/7distribucions.com\/wp-content\/uploads\/2023\/04\/hm1111c_3.pdf\" target=\"_blank\" rel=\"noopener\"><strong>VER CAT\u00c1LOGO<\/strong><\/a><\/p>\n","protected":false},"excerpt":{"rendered":"<p>Modo Ralenti: Reduce las revoluciones en vac\u00edo por lo que reduce la vibraci\u00f3n. Mayor precisi\u00f3n en el comienzo de la demolici\u00f3n Nueva gama de martillos demoledores de la clase 7&#8230;<\/p>\n","protected":false},"featured_media":3062,"template":"","meta":[],"product_brand":[],"product_cat":[89,99],"product_tag":[],"class_list":{"0":"post-3061","1":"product","2":"type-product","3":"status-publish","4":"has-post-thumbnail","6":"product_cat-eines","7":"product_cat-martells-demoledors","9":"first","10":"instock","11":"taxable","12":"shipping-taxable","13":"purchasable","14":"product-type-simple"},"_links":{"self":[{"href":"https:\/\/7distribucions.com\/ca\/wp-json\/wp\/v2\/product\/3061","targetHints":{"allow":["GET"]}}],"collection":[{"href":"https:\/\/7distribucions.com\/ca\/wp-json\/wp\/v2\/product"}],"about":[{"href":"https:\/\/7distribucions.com\/ca\/wp-json\/wp\/v2\/types\/product"}],"wp:featuredmedia":[{"embeddable":true,"href":"https:\/\/7distribucions.com\/ca\/wp-json\/wp\/v2\/media\/3062"}],"wp:attachment":[{"href":"https:\/\/7distribucions.com\/ca\/wp-json\/wp\/v2\/media?parent=3061"}],"wp:term":[{"taxonomy":"product_brand","embeddable":true,"href":"https:\/\/7distribucions.com\/ca\/wp-json\/wp\/v2\/product_brand?post=3061"},{"taxonomy":"product_cat","embeddable":true,"href":"https:\/\/7distribucions.com\/ca\/wp-json\/wp\/v2\/product_cat?post=3061"},{"taxonomy":"product_tag","embeddable":true,"href":"https:\/\/7distribucions.com\/ca\/wp-json\/wp\/v2\/product_tag?post=3061"}],"curies":[{"name":"wp","href":"https:\/\/api.w.org\/{rel}","templated":true}]}}