{"id":3033,"date":"2023-04-26T02:33:40","date_gmt":"2023-04-26T02:33:40","guid":{"rendered":"https:\/\/7distribucions.com\/?post_type=product&#038;p=3033"},"modified":"2024-02-02T11:04:46","modified_gmt":"2024-02-02T11:04:46","slug":"dub362z","status":"publish","type":"product","link":"https:\/\/7distribucions.com\/ca\/producto\/dub362z\/","title":{"rendered":"DUB362Z"},"content":{"rendered":"<ul>\n<li>El soplador a bater\u00eda m\u00e1s potente, comparable con los modelos de gasolina.<\/li>\n<li>Motor de 36V alimentado por dos bater\u00edas de 18V, m\u00e1xima compatibilidad con toda la gama de 18V.<\/li>\n<li>Motor BL sin escobillas, la energ\u00eda es m\u00e1s eficiente proporcionando mayor potencia y duraci\u00f3n de la bater\u00eda.<\/li>\n<li>Regulador de 6 posiciones para seleccionar el volumen y la velocidad de aire.<\/li>\n<li>Tobera telesc\u00f3pica con 3 posiciones regulable en 100mm.<\/li>\n<li>Tecnolog\u00eda XPT: protege la m\u00e1quina en condiciones adversas. Evita que se introduzcan las part\u00edculas de polvo y las gotas de lluvia.<\/li>\n<li>Indicador de carga de cada una de las bater\u00edas.<\/li>\n<li>Interruptor con posibilidad lock-on para trabajos continuos.<\/li>\n<li>Empu\u00f1adura antideslizante para un agarre m\u00e1s c\u00f3modo.<\/li>\n<\/ul>\n<p><a href=\"https:\/\/7distribucions.com\/wp-content\/uploads\/2023\/04\/dub362z_3.pdf\" target=\"_blank\" rel=\"noopener\"><strong>VER CAT\u00c1LOGO<\/strong><\/a><\/p>\n","protected":false},"excerpt":{"rendered":"<p>El soplador a bater\u00eda m\u00e1s potente, comparable con los modelos de gasolina. Motor de 36V alimentado por dos bater\u00edas de 18V, m\u00e1xima compatibilidad con toda la gama de 18V. Motor&#8230;<\/p>\n","protected":false},"featured_media":3034,"template":"","meta":[],"product_brand":[],"product_cat":[89,98],"product_tag":[],"class_list":{"0":"post-3033","1":"product","2":"type-product","3":"status-publish","4":"has-post-thumbnail","6":"product_cat-eines","7":"product_cat-jardi","9":"first","10":"instock","11":"taxable","12":"shipping-taxable","13":"purchasable","14":"product-type-simple"},"_links":{"self":[{"href":"https:\/\/7distribucions.com\/ca\/wp-json\/wp\/v2\/product\/3033","targetHints":{"allow":["GET"]}}],"collection":[{"href":"https:\/\/7distribucions.com\/ca\/wp-json\/wp\/v2\/product"}],"about":[{"href":"https:\/\/7distribucions.com\/ca\/wp-json\/wp\/v2\/types\/product"}],"wp:featuredmedia":[{"embeddable":true,"href":"https:\/\/7distribucions.com\/ca\/wp-json\/wp\/v2\/media\/3034"}],"wp:attachment":[{"href":"https:\/\/7distribucions.com\/ca\/wp-json\/wp\/v2\/media?parent=3033"}],"wp:term":[{"taxonomy":"product_brand","embeddable":true,"href":"https:\/\/7distribucions.com\/ca\/wp-json\/wp\/v2\/product_brand?post=3033"},{"taxonomy":"product_cat","embeddable":true,"href":"https:\/\/7distribucions.com\/ca\/wp-json\/wp\/v2\/product_cat?post=3033"},{"taxonomy":"product_tag","embeddable":true,"href":"https:\/\/7distribucions.com\/ca\/wp-json\/wp\/v2\/product_tag?post=3033"}],"curies":[{"name":"wp","href":"https:\/\/api.w.org\/{rel}","templated":true}]}}