{"id":3027,"date":"2023-04-26T02:17:42","date_gmt":"2023-04-26T02:17:42","guid":{"rendered":"https:\/\/7distribucions.com\/?post_type=product&#038;p=3027"},"modified":"2024-02-02T11:08:42","modified_gmt":"2024-02-02T11:08:42","slug":"dub184z","status":"publish","type":"product","link":"https:\/\/7distribucions.com\/ca\/producto\/dub184z\/","title":{"rendered":"DUB184Z"},"content":{"rendered":"<ul>\n<li>El soplador a bater\u00eda m\u00e1s potente de 18V, comparable con los modelos de gasolina.<\/li>\n<li>Ventilador axial de alta eficiencia.<\/li>\n<li>Control de velocidad variable por gatillo, con palanca de control y bloqueo.<\/li>\n<li>El motor sin escobillas (BL) entrega hasta 52,1 m \/ s y 13,0 m\u00b3 \/ min.<\/li>\n<li>Compacto y ligero para trabajar con una sola mano.<\/li>\n<li>El dise\u00f1o del ventilador en l\u00ednea proporciona un mayor equilibrio de la herramienta.<\/li>\n<li>Empu\u00f1adura antideslizante para un mejor agarre. Mango ergon\u00f3mico que proporciona m\u00e1s comodidad para el trabajador.<\/li>\n<li>Cuenta con la tecnolog\u00eda de protecci\u00f3n extrema (XPT), dise\u00f1ada para proporcionar una mayor resistencia al polvo y a la lluvia en condiciones de trabajo adversas.<\/li>\n<li>Bandolera para mayor comodidad del operador.<\/li>\n<li>Abertura en la parte inferior de la m\u00e1quina que permite colgar la herramienta para un perfecto almacenamiento.<\/li>\n<\/ul>\n<p><a href=\"https:\/\/7distribucions.com\/wp-content\/uploads\/2023\/04\/dub184z_3.pdf\" target=\"_blank\" rel=\"noopener\"><strong>VER CAT\u00c1LOGO<\/strong><\/a><\/p>\n","protected":false},"excerpt":{"rendered":"<p>El soplador a bater\u00eda m\u00e1s potente de 18V, comparable con los modelos de gasolina. Ventilador axial de alta eficiencia. Control de velocidad variable por gatillo, con palanca de control y&#8230;<\/p>\n","protected":false},"featured_media":3028,"template":"","meta":[],"product_brand":[],"product_cat":[89,98],"product_tag":[],"class_list":{"0":"post-3027","1":"product","2":"type-product","3":"status-publish","4":"has-post-thumbnail","6":"product_cat-eines","7":"product_cat-jardi","9":"first","10":"instock","11":"taxable","12":"shipping-taxable","13":"purchasable","14":"product-type-simple"},"_links":{"self":[{"href":"https:\/\/7distribucions.com\/ca\/wp-json\/wp\/v2\/product\/3027","targetHints":{"allow":["GET"]}}],"collection":[{"href":"https:\/\/7distribucions.com\/ca\/wp-json\/wp\/v2\/product"}],"about":[{"href":"https:\/\/7distribucions.com\/ca\/wp-json\/wp\/v2\/types\/product"}],"wp:featuredmedia":[{"embeddable":true,"href":"https:\/\/7distribucions.com\/ca\/wp-json\/wp\/v2\/media\/3028"}],"wp:attachment":[{"href":"https:\/\/7distribucions.com\/ca\/wp-json\/wp\/v2\/media?parent=3027"}],"wp:term":[{"taxonomy":"product_brand","embeddable":true,"href":"https:\/\/7distribucions.com\/ca\/wp-json\/wp\/v2\/product_brand?post=3027"},{"taxonomy":"product_cat","embeddable":true,"href":"https:\/\/7distribucions.com\/ca\/wp-json\/wp\/v2\/product_cat?post=3027"},{"taxonomy":"product_tag","embeddable":true,"href":"https:\/\/7distribucions.com\/ca\/wp-json\/wp\/v2\/product_tag?post=3027"}],"curies":[{"name":"wp","href":"https:\/\/api.w.org\/{rel}","templated":true}]}}