{"id":3024,"date":"2023-04-26T02:14:32","date_gmt":"2023-04-26T02:14:32","guid":{"rendered":"https:\/\/7distribucions.com\/?post_type=product&#038;p=3024"},"modified":"2024-02-02T11:08:34","modified_gmt":"2024-02-02T11:08:34","slug":"dlm539ct2","status":"publish","type":"product","link":"https:\/\/7distribucions.com\/ca\/producto\/dlm539ct2\/","title":{"rendered":"DLM539CT2"},"content":{"rendered":"<ul>\n<li>Cortac\u00e9sped 4 en 1 tracci\u00f3n de 53cm de 18Vx2 a bater\u00eda.<\/li>\n<li>4 en 1 (corte \/ recolecci\u00f3n \/ mulching y descarga trasera)<\/li>\n<li>Eficiencia de recolecci\u00f3n de c\u00e9sped mejorada lograda al redise\u00f1ar el interior de la plataforma a una forma aerodin\u00e1mica.<\/li>\n<li>Alimentado por 2 bater\u00edas 18V LXT. Adem\u00e1s, el asa dispone de 4 indicadores con 3 LED cada uno, que indica la carga que les queda a cada una de las bater\u00edas.<\/li>\n<li>Los grandes neum\u00e1ticos de PVC de alto agarre ampl\u00eda el \u00e1rea de contacto con el suelo para mantener un mayor rendimiento de corte en terrenos embarrados o con baches.<\/li>\n<li>Funciona con 2 bater\u00edas.<\/li>\n<li>Cuchilla multiusos de 2 dientes para cortar y triturar.<\/li>\n<li>El ajuste de altura de corte es m\u00e1s sencillo.<\/li>\n<li>La altura del mango se puede ajustar sin herramientas simplemente tirando del pasador de bloqueo.<\/li>\n<li>La palanca con forma ovalada es m\u00e1s f\u00e1cil de agarrar.<\/li>\n<li>Nivel bajo de ruido y cero emisiones.<\/li>\n<li>Tecnolog\u00eda XPT que protege contra agua y polvo.<\/li>\n<li>El circuito de protecci\u00f3n de la bater\u00eda la protege de sobrecarga, sobredescarga y sobrecalentamiento.<\/li>\n<li>Con funci\u00f3n de arranque suave que minimiza el impacto del arranque.<\/li>\n<li>Freno el\u00e9ctrico para m\u00e1xima productividad.<\/li>\n<li>El circuito de protecci\u00f3n de la bater\u00eda la protege de sobrecarga, sobredescarga y sobrecalentamiento.<\/li>\n<\/ul>\n<p><a href=\"https:\/\/7distribucions.com\/wp-content\/uploads\/2023\/04\/dlm539ct2_3.pdf\" target=\"_blank\" rel=\"noopener\"><strong>VER CAT\u00c1LOGO<\/strong><\/a><\/p>\n","protected":false},"excerpt":{"rendered":"<p>Cortac\u00e9sped 4 en 1 tracci\u00f3n de 53cm de 18Vx2 a bater\u00eda. 4 en 1 (corte \/ recolecci\u00f3n \/ mulching y descarga trasera) Eficiencia de recolecci\u00f3n de c\u00e9sped mejorada lograda al&#8230;<\/p>\n","protected":false},"featured_media":3025,"template":"","meta":[],"product_brand":[],"product_cat":[89,98],"product_tag":[],"class_list":{"0":"post-3024","1":"product","2":"type-product","3":"status-publish","4":"has-post-thumbnail","6":"product_cat-eines","7":"product_cat-jardi","9":"first","10":"instock","11":"taxable","12":"shipping-taxable","13":"purchasable","14":"product-type-simple"},"_links":{"self":[{"href":"https:\/\/7distribucions.com\/ca\/wp-json\/wp\/v2\/product\/3024","targetHints":{"allow":["GET"]}}],"collection":[{"href":"https:\/\/7distribucions.com\/ca\/wp-json\/wp\/v2\/product"}],"about":[{"href":"https:\/\/7distribucions.com\/ca\/wp-json\/wp\/v2\/types\/product"}],"wp:featuredmedia":[{"embeddable":true,"href":"https:\/\/7distribucions.com\/ca\/wp-json\/wp\/v2\/media\/3025"}],"wp:attachment":[{"href":"https:\/\/7distribucions.com\/ca\/wp-json\/wp\/v2\/media?parent=3024"}],"wp:term":[{"taxonomy":"product_brand","embeddable":true,"href":"https:\/\/7distribucions.com\/ca\/wp-json\/wp\/v2\/product_brand?post=3024"},{"taxonomy":"product_cat","embeddable":true,"href":"https:\/\/7distribucions.com\/ca\/wp-json\/wp\/v2\/product_cat?post=3024"},{"taxonomy":"product_tag","embeddable":true,"href":"https:\/\/7distribucions.com\/ca\/wp-json\/wp\/v2\/product_tag?post=3024"}],"curies":[{"name":"wp","href":"https:\/\/api.w.org\/{rel}","templated":true}]}}