{"id":3009,"date":"2023-04-26T01:57:34","date_gmt":"2023-04-26T01:57:34","guid":{"rendered":"https:\/\/7distribucions.com\/?post_type=product&#038;p=3009"},"modified":"2024-02-02T11:08:46","modified_gmt":"2024-02-02T11:08:46","slug":"dml811","status":"publish","type":"product","link":"https:\/\/7distribucions.com\/ca\/producto\/dml811\/","title":{"rendered":"DML811"},"content":{"rendered":"<ul>\n<li>3 configuraciones de brillo: 3.000 l\u00famenes en modo alto, 1.500 l\u00famenes en modo medio o 750 l\u00famenes en modo bajo.<\/li>\n<li>Aproximadamente 3 horas de iluminaci\u00f3n continua con una carga completa de BL1860B con una iluminaci\u00f3n constante en modo alto.<\/li>\n<li>30 LED blancos de luz diurna s\u00faper luminosos.<\/li>\n<li>El color del LED es blanco de luz diurna, que es similar a la luz natural e ideal para espacios de trabajo.<\/li>\n<li>La funci\u00f3n de advertencia de capacidad de la bater\u00eda notifica autom\u00e1ticamente al usuario sobre la escasa energ\u00eda de la bater\u00eda disminuyendo la iluminaci\u00f3n.<\/li>\n<li>Resistencia al agua y al polvo con certificaci\u00f3n IP65.<\/li>\n<li>Funcionamiento con bater\u00eda o con cable; compatible con bater\u00edas LXT de 18V \/ 14,4V.<\/li>\n<li>Cable de alimentaci\u00f3n de AC desmontable (se puede guardar en la base del soporte cuando no est\u00e9 en uso).<\/li>\n<li>Dise\u00f1o compacto con una altura reducida gracias al asa de transporte retr\u00e1ctil.<\/li>\n<li>Funci\u00f3n de memoria que recuerda la configuraci\u00f3n de brillo la \u00faltima vez que se apag\u00f3, lo que permite al usuario evitar volver a ajustar el brillo.<\/li>\n<li>Ajuste del \u00e1ngulo de luz: de -30 \u00b0 a 210 \u00b0.<\/li>\n<li>Se puede montar en un el tr\u00edpode (opcional) individualmente o dos unidades (tr\u00edpode no se incluye)<\/li>\n<\/ul>\n<p><a href=\"https:\/\/7distribucions.com\/wp-content\/uploads\/2023\/04\/dml811_3.pdf\" target=\"_blank\" rel=\"noopener\"><strong>VER CAT\u00c1LOGO<\/strong><\/a><\/p>\n","protected":false},"excerpt":{"rendered":"<p>3 configuraciones de brillo: 3.000 l\u00famenes en modo alto, 1.500 l\u00famenes en modo medio o 750 l\u00famenes en modo bajo. Aproximadamente 3 horas de iluminaci\u00f3n continua con una carga completa&#8230;<\/p>\n","protected":false},"featured_media":3010,"template":"","meta":[],"product_brand":[],"product_cat":[89,97],"product_tag":[],"class_list":{"0":"post-3009","1":"product","2":"type-product","3":"status-publish","4":"has-post-thumbnail","6":"product_cat-eines","7":"product_cat-especial","9":"first","10":"instock","11":"taxable","12":"shipping-taxable","13":"purchasable","14":"product-type-simple"},"_links":{"self":[{"href":"https:\/\/7distribucions.com\/ca\/wp-json\/wp\/v2\/product\/3009","targetHints":{"allow":["GET"]}}],"collection":[{"href":"https:\/\/7distribucions.com\/ca\/wp-json\/wp\/v2\/product"}],"about":[{"href":"https:\/\/7distribucions.com\/ca\/wp-json\/wp\/v2\/types\/product"}],"wp:featuredmedia":[{"embeddable":true,"href":"https:\/\/7distribucions.com\/ca\/wp-json\/wp\/v2\/media\/3010"}],"wp:attachment":[{"href":"https:\/\/7distribucions.com\/ca\/wp-json\/wp\/v2\/media?parent=3009"}],"wp:term":[{"taxonomy":"product_brand","embeddable":true,"href":"https:\/\/7distribucions.com\/ca\/wp-json\/wp\/v2\/product_brand?post=3009"},{"taxonomy":"product_cat","embeddable":true,"href":"https:\/\/7distribucions.com\/ca\/wp-json\/wp\/v2\/product_cat?post=3009"},{"taxonomy":"product_tag","embeddable":true,"href":"https:\/\/7distribucions.com\/ca\/wp-json\/wp\/v2\/product_tag?post=3009"}],"curies":[{"name":"wp","href":"https:\/\/api.w.org\/{rel}","templated":true}]}}