{"id":2996,"date":"2023-04-26T01:40:20","date_gmt":"2023-04-26T01:40:20","guid":{"rendered":"https:\/\/7distribucions.com\/?post_type=product&#038;p=2996"},"modified":"2024-02-02T11:08:51","modified_gmt":"2024-02-02T11:08:51","slug":"cf002gz","status":"publish","type":"product","link":"https:\/\/7distribucions.com\/ca\/producto\/cf002gz\/","title":{"rendered":"CF002GZ"},"content":{"rendered":"<ul>\n<li>El gran ventilador de 330 mm produce aire lo suficientemente fuerte como para crear un ambiente de trabajo c\u00f3modo en condiciones de clima c\u00e1lido.<\/li>\n<li>Funcionamiento silencioso; Cambiamos la forma de la cubierta trasera del ventilador reducir el ruido en la toma del aire.<\/li>\n<li>Fuente de alimentaci\u00f3n dual AC\/DC: adaptador AC o bater\u00eda Makita XGT.<\/li>\n<li>Autom\u00e1tico de 3 etapas con selecci\u00f3n de apagado de 1, 2, y 4 horas.<\/li>\n<li>Hasta 11 horas de tiempo de trabajo a baja velocidad con una bater\u00eda 40Vm\u00e1x 4,0Ah XGT (bater\u00eda no incluida).<\/li>\n<li>Se ha logrado una longitud del soporte m\u00ednima manteniendo la oscilaci\u00f3n autom\u00e1tica.<\/li>\n<li>3 configuraciones para un control \u00f3ptimo de la velocidad del aire; Al iniciar se reanuda con la velocidad de la \u00faltima operaci\u00f3n.<\/li>\n<li>Dise\u00f1o plano para ahorrar espacio.<\/li>\n<li>Asa de transporte grande para un f\u00e1cil manejo.<\/li>\n<li>Se inclina hacia arriba y hacia abajo, para crear una \u00f3ptima redirecci\u00f3n del aire.<\/li>\n<li>Tiene la suficiente potencia, para crear un ambiente fresco, en zonas clim\u00e1ticamente c\u00e1lidas.<\/li>\n<li>Velocidad m\u00e1xima de 240 m\/min<\/li>\n<\/ul>\n<p><a href=\"https:\/\/7distribucions.com\/wp-content\/uploads\/2023\/04\/cf002gz_3.pdf\" target=\"_blank\" rel=\"noopener\"><strong>VER CAT\u00c1LOGO<\/strong><\/a><\/p>\n","protected":false},"excerpt":{"rendered":"<p>El gran ventilador de 330 mm produce aire lo suficientemente fuerte como para crear un ambiente de trabajo c\u00f3modo en condiciones de clima c\u00e1lido. Funcionamiento silencioso; Cambiamos la forma de&#8230;<\/p>\n","protected":false},"featured_media":2997,"template":"","meta":[],"product_brand":[],"product_cat":[89,97],"product_tag":[],"class_list":{"0":"post-2996","1":"product","2":"type-product","3":"status-publish","4":"has-post-thumbnail","6":"product_cat-eines","7":"product_cat-especial","9":"first","10":"instock","11":"taxable","12":"shipping-taxable","13":"purchasable","14":"product-type-simple"},"_links":{"self":[{"href":"https:\/\/7distribucions.com\/ca\/wp-json\/wp\/v2\/product\/2996","targetHints":{"allow":["GET"]}}],"collection":[{"href":"https:\/\/7distribucions.com\/ca\/wp-json\/wp\/v2\/product"}],"about":[{"href":"https:\/\/7distribucions.com\/ca\/wp-json\/wp\/v2\/types\/product"}],"wp:featuredmedia":[{"embeddable":true,"href":"https:\/\/7distribucions.com\/ca\/wp-json\/wp\/v2\/media\/2997"}],"wp:attachment":[{"href":"https:\/\/7distribucions.com\/ca\/wp-json\/wp\/v2\/media?parent=2996"}],"wp:term":[{"taxonomy":"product_brand","embeddable":true,"href":"https:\/\/7distribucions.com\/ca\/wp-json\/wp\/v2\/product_brand?post=2996"},{"taxonomy":"product_cat","embeddable":true,"href":"https:\/\/7distribucions.com\/ca\/wp-json\/wp\/v2\/product_cat?post=2996"},{"taxonomy":"product_tag","embeddable":true,"href":"https:\/\/7distribucions.com\/ca\/wp-json\/wp\/v2\/product_tag?post=2996"}],"curies":[{"name":"wp","href":"https:\/\/api.w.org\/{rel}","templated":true}]}}