{"id":2993,"date":"2023-04-26T01:33:44","date_gmt":"2023-04-26T01:33:44","guid":{"rendered":"https:\/\/7distribucions.com\/?post_type=product&#038;p=2993"},"modified":"2024-02-02T11:08:55","modified_gmt":"2024-02-02T11:08:55","slug":"sk106gdz","status":"publish","type":"product","link":"https:\/\/7distribucions.com\/ca\/producto\/sk106gdz\/","title":{"rendered":"SK106GDZ"},"content":{"rendered":"<ul>\n<li>Para el uso de la bater\u00eda CXT (10.8V &#8211; 12 M\u00e1x.). Hasta 20 horas de iluminaci\u00f3n continua en modo de alta visibilidad con BL1041B.<\/li>\n<li>Precisi\u00f3n +\/- 3 mm. y rango de visibilidad de l\u00ednea de hasta 30\/60 m.<\/li>\n<li>El bloqueo de p\u00e9ndulo permite aplicaciones de inclinaci\u00f3n para una mayor versatilidad y ofrece protecci\u00f3n adicional del diodo l\u00e1ser durante el transporte y el almacenamiento.<\/li>\n<li>Cuando se coloca el accesorio de pared (o el soporte magn\u00e9tico) no se puede poner la bater\u00eda BL1041B (4,0Ah).<\/li>\n<li>Pr\u00e1ctico y preciso l\u00e1ser de l\u00ednea recta autonivelante (l\u00ednea recta: horizontal \/ vertical) y de 4 puntos.<\/li>\n<li>Selecci\u00f3n de brillo: 2 modos (modo brillante \/ modo ecol\u00f3gico).<\/li>\n<li>La tecnolog\u00eda de protecci\u00f3n extrema (XPT) est\u00e1 dise\u00f1ada para mejorar la resistencia al polvo y al agua para el funcionamiento en condiciones adversas.<\/li>\n<li>La autonivelaci\u00f3n se puede corregir hasta 4\u00b0 de inclinaci\u00f3n, lo que permite el funcionamiento en superficies irregulares.<\/li>\n<li>Alineaci\u00f3n horizontal: forma de transferir puntos de referencia de una pared a otra.<\/li>\n<li>Alineaci\u00f3n vertical: la forma m\u00e1s sencilla de garantizar que las paredes, el suelo, las baldosas y las juntas se encuentren con precisi\u00f3n.<\/li>\n<li>Las ventanas del l\u00e1ser empotradas, est\u00e1n altamente protegidas del da\u00f1o por fractura, para una mayor durabilidad<\/li>\n<li>Permite la fijaci\u00f3n a un tr\u00edpode (1\/4\u201d en el nivel \/ 1\/4\u201d y 5\/8\u201d en el soporte magn\u00e9tico).<\/li>\n<li>Toma DC 5V. mediante este conector podemos conectar bater\u00edas de 18V o 10,8V a trav\u00e9s del puerto USB (ADP05\/18V y ADP06\/10.8V) de estos adaptadores.<\/li>\n<\/ul>\n<p><a href=\"https:\/\/7distribucions.com\/wp-content\/uploads\/2023\/04\/sk106gdz_3.pdf\" target=\"_blank\" rel=\"noopener\"><strong>VER CAT\u00c1LOGO<\/strong><\/a><\/p>\n","protected":false},"excerpt":{"rendered":"<p>Para el uso de la bater\u00eda CXT (10.8V &#8211; 12 M\u00e1x.). Hasta 20 horas de iluminaci\u00f3n continua en modo de alta visibilidad con BL1041B. Precisi\u00f3n +\/- 3 mm. y rango&#8230;<\/p>\n","protected":false},"featured_media":2994,"template":"","meta":[],"product_brand":[],"product_cat":[89,96],"product_tag":[],"class_list":{"0":"post-2993","1":"product","2":"type-product","3":"status-publish","4":"has-post-thumbnail","6":"product_cat-eines","7":"product_cat-medicio-nivelacio","9":"first","10":"instock","11":"taxable","12":"shipping-taxable","13":"purchasable","14":"product-type-simple"},"_links":{"self":[{"href":"https:\/\/7distribucions.com\/ca\/wp-json\/wp\/v2\/product\/2993","targetHints":{"allow":["GET"]}}],"collection":[{"href":"https:\/\/7distribucions.com\/ca\/wp-json\/wp\/v2\/product"}],"about":[{"href":"https:\/\/7distribucions.com\/ca\/wp-json\/wp\/v2\/types\/product"}],"wp:featuredmedia":[{"embeddable":true,"href":"https:\/\/7distribucions.com\/ca\/wp-json\/wp\/v2\/media\/2994"}],"wp:attachment":[{"href":"https:\/\/7distribucions.com\/ca\/wp-json\/wp\/v2\/media?parent=2993"}],"wp:term":[{"taxonomy":"product_brand","embeddable":true,"href":"https:\/\/7distribucions.com\/ca\/wp-json\/wp\/v2\/product_brand?post=2993"},{"taxonomy":"product_cat","embeddable":true,"href":"https:\/\/7distribucions.com\/ca\/wp-json\/wp\/v2\/product_cat?post=2993"},{"taxonomy":"product_tag","embeddable":true,"href":"https:\/\/7distribucions.com\/ca\/wp-json\/wp\/v2\/product_tag?post=2993"}],"curies":[{"name":"wp","href":"https:\/\/api.w.org\/{rel}","templated":true}]}}