{"id":2976,"date":"2023-04-26T01:04:42","date_gmt":"2023-04-26T01:04:42","guid":{"rendered":"https:\/\/7distribucions.com\/?post_type=product&#038;p=2976"},"modified":"2024-02-02T11:09:01","modified_gmt":"2024-02-02T11:09:01","slug":"tm3010cx6","status":"publish","type":"product","link":"https:\/\/7distribucions.com\/ca\/producto\/tm3010cx6\/","title":{"rendered":"TM3010CX6"},"content":{"rendered":"<ul>\n<li>Mismas caracter\u00edsticas que el modelo TM3000C pero con palanca para el cambio r\u00e1pido de las hojas.<\/li>\n<li>Simplemente tirando de la palanca se libera el tornillo. Para fijarlo se cierra la palanca f\u00e1cilmente.<\/li>\n<li>Gracias a su gran variedad de accesorios obtendremos la soluci\u00f3n para multitud de aplicaciones.<\/li>\n<li>El movimiento oscilante del cabezal ofrece la realizaci\u00f3n de todo tipo de cortes de gran precisi\u00f3n, as\u00ed como lijados en los materiales m\u00e1s delicados.<\/li>\n<li>El cuerpo estrecho de la herramienta ofrece un c\u00f3modo y seguro agarre para el usuario. \u00d8 195 mm.<\/li>\n<li>Velocidad variable mediante dial para ajustar el n\u00famero de oscilaciones al trabajo a realizar.<\/li>\n<li>En los trabajos de lijado tenemos la opci\u00f3n de colocarle una toma de aspiraci\u00f3n para conectar a un aspirador.<\/li>\n<li>Dependiendo del accesorio seleccionado podremos realizar gran variedad de trabajos como:<\/li>\n<li>Cortar madera, metal, pl\u00e1sticos, tabiquer\u00eda seca, azulejos, etc\u2026<\/li>\n<li>Realizar cajeados, limpieza de juntas, lijados en madera, metal, pl\u00e1sticos, etc\u2026<\/li>\n<\/ul>\n<p><a href=\"https:\/\/7distribucions.com\/wp-content\/uploads\/2023\/04\/tm3010cx6_3.pdf\" target=\"_blank\" rel=\"noopener\"><strong>VER CAT\u00c1LOGO<\/strong><\/a><\/p>\n","protected":false},"excerpt":{"rendered":"<p>Mismas caracter\u00edsticas que el modelo TM3000C pero con palanca para el cambio r\u00e1pido de las hojas. Simplemente tirando de la palanca se libera el tornillo. Para fijarlo se cierra la&#8230;<\/p>\n","protected":false},"featured_media":2977,"template":"","meta":[],"product_brand":[],"product_cat":[89,95],"product_tag":[],"class_list":{"0":"post-2976","1":"product","2":"type-product","3":"status-publish","4":"has-post-thumbnail","6":"product_cat-eines","7":"product_cat-multi-eina","9":"first","10":"instock","11":"taxable","12":"shipping-taxable","13":"purchasable","14":"product-type-simple"},"_links":{"self":[{"href":"https:\/\/7distribucions.com\/ca\/wp-json\/wp\/v2\/product\/2976","targetHints":{"allow":["GET"]}}],"collection":[{"href":"https:\/\/7distribucions.com\/ca\/wp-json\/wp\/v2\/product"}],"about":[{"href":"https:\/\/7distribucions.com\/ca\/wp-json\/wp\/v2\/types\/product"}],"wp:featuredmedia":[{"embeddable":true,"href":"https:\/\/7distribucions.com\/ca\/wp-json\/wp\/v2\/media\/2977"}],"wp:attachment":[{"href":"https:\/\/7distribucions.com\/ca\/wp-json\/wp\/v2\/media?parent=2976"}],"wp:term":[{"taxonomy":"product_brand","embeddable":true,"href":"https:\/\/7distribucions.com\/ca\/wp-json\/wp\/v2\/product_brand?post=2976"},{"taxonomy":"product_cat","embeddable":true,"href":"https:\/\/7distribucions.com\/ca\/wp-json\/wp\/v2\/product_cat?post=2976"},{"taxonomy":"product_tag","embeddable":true,"href":"https:\/\/7distribucions.com\/ca\/wp-json\/wp\/v2\/product_tag?post=2976"}],"curies":[{"name":"wp","href":"https:\/\/api.w.org\/{rel}","templated":true}]}}