{"id":2967,"date":"2023-04-26T00:50:20","date_gmt":"2023-04-26T00:50:20","guid":{"rendered":"https:\/\/7distribucions.com\/?post_type=product&#038;p=2967"},"modified":"2024-02-02T11:09:08","modified_gmt":"2024-02-02T11:09:08","slug":"m3602b","status":"publish","type":"product","link":"https:\/\/7distribucions.com\/ca\/producto\/m3602b\/","title":{"rendered":"M3602B"},"content":{"rendered":"<ul>\n<li>Fresadora de superficie de 12mm 1.650W con arranque suave.<\/li>\n<li>Con funci\u00f3n anti-reinicio que minimiza la posibilidad de arranque accidental.<\/li>\n<li>Alto rendimiento y durabilidad a menor coste.<\/li>\n<li>Potente motor de 1.650W que ofrece 22.000 rpm para las aplicaciones m\u00e1s exigentes.<\/li>\n<li>Profundidad de inmersi\u00f3n de 0-60mm para una f\u00e1cil penetraci\u00f3n en la pieza de trabajo.<\/li>\n<li>Ajuste de profundiad de inmersi\u00f3n de liberaci\u00f3n r\u00e1pida con 3 topes de profundidad prestablecidos para mayor precisi\u00f3n.<\/li>\n<li>Asas ergon\u00f3micas de goma dise\u00f1adas para un mejor ajuste y mayor comodidad.<\/li>\n<li>Con palanca para bloquear la profundidad de inmersi\u00f3n.<\/li>\n<li>El bloqueo del eje requiere una llave para cambiar las fresas.<\/li>\n<li>El deflector de virutas protege al operador de virutas y escombros que puedan saltar.<\/li>\n<li>Conectable a un sistema de extracci\u00f3n de polvo con boquilla de polvo opcional.<\/li>\n<li>Cepillos accesibles desde el exterior para mayor facilidad en el mantenimiento.<\/li>\n<li>Aisalamiento doble.<\/li>\n<\/ul>\n<p><a href=\"https:\/\/7distribucions.com\/wp-content\/uploads\/2023\/04\/m3602b_3.pdf\" target=\"_blank\" rel=\"noopener\"><strong>VER CAT\u00c1LOGO<\/strong><\/a><\/p>\n","protected":false},"excerpt":{"rendered":"<p>Fresadora de superficie de 12mm 1.650W con arranque suave. Con funci\u00f3n anti-reinicio que minimiza la posibilidad de arranque accidental. Alto rendimiento y durabilidad a menor coste. Potente motor de 1.650W&#8230;<\/p>\n","protected":false},"featured_media":2968,"template":"","meta":[],"product_brand":[],"product_cat":[89,94],"product_tag":[],"class_list":{"0":"post-2967","1":"product","2":"type-product","3":"status-publish","4":"has-post-thumbnail","6":"product_cat-eines","7":"product_cat-fresar-raspallar","9":"first","10":"instock","11":"taxable","12":"shipping-taxable","13":"purchasable","14":"product-type-simple"},"_links":{"self":[{"href":"https:\/\/7distribucions.com\/ca\/wp-json\/wp\/v2\/product\/2967","targetHints":{"allow":["GET"]}}],"collection":[{"href":"https:\/\/7distribucions.com\/ca\/wp-json\/wp\/v2\/product"}],"about":[{"href":"https:\/\/7distribucions.com\/ca\/wp-json\/wp\/v2\/types\/product"}],"wp:featuredmedia":[{"embeddable":true,"href":"https:\/\/7distribucions.com\/ca\/wp-json\/wp\/v2\/media\/2968"}],"wp:attachment":[{"href":"https:\/\/7distribucions.com\/ca\/wp-json\/wp\/v2\/media?parent=2967"}],"wp:term":[{"taxonomy":"product_brand","embeddable":true,"href":"https:\/\/7distribucions.com\/ca\/wp-json\/wp\/v2\/product_brand?post=2967"},{"taxonomy":"product_cat","embeddable":true,"href":"https:\/\/7distribucions.com\/ca\/wp-json\/wp\/v2\/product_cat?post=2967"},{"taxonomy":"product_tag","embeddable":true,"href":"https:\/\/7distribucions.com\/ca\/wp-json\/wp\/v2\/product_tag?post=2967"}],"curies":[{"name":"wp","href":"https:\/\/api.w.org\/{rel}","templated":true}]}}