{"id":2958,"date":"2023-04-26T00:40:04","date_gmt":"2023-04-26T00:40:04","guid":{"rendered":"https:\/\/7distribucions.com\/?post_type=product&#038;p=2958"},"modified":"2023-10-23T09:44:18","modified_gmt":"2023-10-23T09:44:18","slug":"bo4565k","status":"publish","type":"product","link":"https:\/\/7distribucions.com\/ca\/producto\/bo4565k\/","title":{"rendered":"BO4565K"},"content":{"rendered":"<ul>\n<li>Lijadora orbital de acabado, peque\u00f1a, manejable y ligera.<\/li>\n<li>Baja vibraci\u00f3n y ruido ideal para trabajos en superficies de dif\u00edcil acceso gracias a su base con forma triangular.<\/li>\n<li>Ideal para trabajar con una sola mano.<\/li>\n<li>Alta aspiraci\u00f3n de polvo y con posibilidad de conectarle un aspirador.<\/li>\n<li>Muy ergon\u00f3mica, con elast\u00f3mero para un mayor control y confort, minimizando la fatiga del operario.<\/li>\n<li>Base de forma triangular para un mejor acceso a las esquinas.<\/li>\n<li>Puede ponerse en ambos lados de la punta triangular el papel abrasivo, para rectificar al mismo tiempo bordes inferiores y superiores.<\/li>\n<li>Con velcro para un cambio r\u00e1pido del papel abrasivo.<\/li>\n<\/ul>\n<p><a href=\"https:\/\/7distribucions.com\/wp-content\/uploads\/2023\/04\/bo4565k_3.pdf\" target=\"_blank\" rel=\"noopener\"><strong>VER CAT\u00c1LOGO<\/strong><\/a><\/p>\n","protected":false},"excerpt":{"rendered":"<p>Lijadora orbital de acabado, peque\u00f1a, manejable y ligera. Baja vibraci\u00f3n y ruido ideal para trabajos en superficies de dif\u00edcil acceso gracias a su base con forma triangular. Ideal para trabajar&#8230;<\/p>\n","protected":false},"featured_media":2959,"template":"","meta":[],"product_brand":[],"product_cat":[89,94],"product_tag":[],"class_list":{"0":"post-2958","1":"product","2":"type-product","3":"status-publish","4":"has-post-thumbnail","6":"product_cat-eines","7":"product_cat-fresar-raspallar","9":"first","10":"instock","11":"taxable","12":"shipping-taxable","13":"purchasable","14":"product-type-simple"},"_links":{"self":[{"href":"https:\/\/7distribucions.com\/ca\/wp-json\/wp\/v2\/product\/2958","targetHints":{"allow":["GET"]}}],"collection":[{"href":"https:\/\/7distribucions.com\/ca\/wp-json\/wp\/v2\/product"}],"about":[{"href":"https:\/\/7distribucions.com\/ca\/wp-json\/wp\/v2\/types\/product"}],"wp:featuredmedia":[{"embeddable":true,"href":"https:\/\/7distribucions.com\/ca\/wp-json\/wp\/v2\/media\/2959"}],"wp:attachment":[{"href":"https:\/\/7distribucions.com\/ca\/wp-json\/wp\/v2\/media?parent=2958"}],"wp:term":[{"taxonomy":"product_brand","embeddable":true,"href":"https:\/\/7distribucions.com\/ca\/wp-json\/wp\/v2\/product_brand?post=2958"},{"taxonomy":"product_cat","embeddable":true,"href":"https:\/\/7distribucions.com\/ca\/wp-json\/wp\/v2\/product_cat?post=2958"},{"taxonomy":"product_tag","embeddable":true,"href":"https:\/\/7distribucions.com\/ca\/wp-json\/wp\/v2\/product_tag?post=2958"}],"curies":[{"name":"wp","href":"https:\/\/api.w.org\/{rel}","templated":true}]}}