{"id":2955,"date":"2023-04-26T00:35:53","date_gmt":"2023-04-26T00:35:53","guid":{"rendered":"https:\/\/7distribucions.com\/?post_type=product&#038;p=2955"},"modified":"2024-02-02T11:09:14","modified_gmt":"2024-02-02T11:09:14","slug":"jv101dsae","status":"publish","type":"product","link":"https:\/\/7distribucions.com\/ca\/producto\/jv101dsae\/","title":{"rendered":"JV101DSAE"},"content":{"rendered":"<ul>\n<li>Mayor velocidad de corte (max 2.900 Rpm) proporciona una mayor eficiencia en el corte.<\/li>\n<li>Nuevo dise\u00f1o m\u00e1s compacto y ligero.<\/li>\n<li>Mango ergon\u00f3mico recubierto a elast\u00f3mero para un mejor agarre.<\/li>\n<li>3 posiciones de avance pendular + corte recto.<\/li>\n<li>Posibilidad de conectarlo a un aspirador.<\/li>\n<\/ul>\n<p><a href=\"https:\/\/7distribucions.com\/wp-content\/uploads\/2023\/04\/jv101dsae_3.pdf\" target=\"_blank\" rel=\"noopener\"><strong>VER CAT\u00c1LOGO<\/strong><\/a><\/p>\n","protected":false},"excerpt":{"rendered":"<p>Mayor velocidad de corte (max 2.900 Rpm) proporciona una mayor eficiencia en el corte. Nuevo dise\u00f1o m\u00e1s compacto y ligero. Mango ergon\u00f3mico recubierto a elast\u00f3mero para un mejor agarre. 3&#8230;<\/p>\n","protected":false},"featured_media":2956,"template":"","meta":[],"product_brand":[],"product_cat":[89,93],"product_tag":[],"class_list":{"0":"post-2955","1":"product","2":"type-product","3":"status-publish","4":"has-post-thumbnail","6":"product_cat-eines","7":"product_cat-tallar","9":"first","10":"instock","11":"taxable","12":"shipping-taxable","13":"purchasable","14":"product-type-simple"},"_links":{"self":[{"href":"https:\/\/7distribucions.com\/ca\/wp-json\/wp\/v2\/product\/2955","targetHints":{"allow":["GET"]}}],"collection":[{"href":"https:\/\/7distribucions.com\/ca\/wp-json\/wp\/v2\/product"}],"about":[{"href":"https:\/\/7distribucions.com\/ca\/wp-json\/wp\/v2\/types\/product"}],"wp:featuredmedia":[{"embeddable":true,"href":"https:\/\/7distribucions.com\/ca\/wp-json\/wp\/v2\/media\/2956"}],"wp:attachment":[{"href":"https:\/\/7distribucions.com\/ca\/wp-json\/wp\/v2\/media?parent=2955"}],"wp:term":[{"taxonomy":"product_brand","embeddable":true,"href":"https:\/\/7distribucions.com\/ca\/wp-json\/wp\/v2\/product_brand?post=2955"},{"taxonomy":"product_cat","embeddable":true,"href":"https:\/\/7distribucions.com\/ca\/wp-json\/wp\/v2\/product_cat?post=2955"},{"taxonomy":"product_tag","embeddable":true,"href":"https:\/\/7distribucions.com\/ca\/wp-json\/wp\/v2\/product_tag?post=2955"}],"curies":[{"name":"wp","href":"https:\/\/api.w.org\/{rel}","templated":true}]}}