{"id":2943,"date":"2023-04-26T00:01:12","date_gmt":"2023-04-26T00:01:12","guid":{"rendered":"https:\/\/7distribucions.com\/?post_type=product&#038;p=2943"},"modified":"2024-02-02T11:09:22","modified_gmt":"2024-02-02T11:09:22","slug":"djr186rte","status":"publish","type":"product","link":"https:\/\/7distribucions.com\/ca\/producto\/djr186rte\/","title":{"rendered":"DJR186RTE"},"content":{"rendered":"<ul>\n<li>Nueva estructura del cig\u00fce\u00f1al en forma vertical, consiguiendo un mayor rendimiento.<\/li>\n<li>Al tener esta forma vertical conseguimos un mecanismo m\u00e1s r\u00edgido, m\u00e1s duradero.<\/li>\n<li>El mecanismo vertical minimiza el retroceso de la cuchilla, consiguiendo as\u00ed una menor vibraci\u00f3n de la m\u00e1quina.<\/li>\n<li>Cambio de las cuchillas sin necesidad de herramientas.<\/li>\n<li>Interruptor para accionar con dos dedos, minimiza la fatiga del usuario en trabajos continuos.<\/li>\n<li>Freno el\u00e9ctrico que para la cuchilla en cuanto el usuario suelta el interruptor.<\/li>\n<li>Protecci\u00f3n XPT, para aplicaciones en exterior. Protege la herramienta de condiciones adversas de polvo y lluvia.<\/li>\n<\/ul>\n<p><a href=\"https:\/\/7distribucions.com\/wp-content\/uploads\/2023\/04\/djr186rte_3.pdf\" target=\"_blank\" rel=\"noopener\"><strong>VER CAT\u00c1LOGO<\/strong><\/a><\/p>\n","protected":false},"excerpt":{"rendered":"<p>Nueva estructura del cig\u00fce\u00f1al en forma vertical, consiguiendo un mayor rendimiento. Al tener esta forma vertical conseguimos un mecanismo m\u00e1s r\u00edgido, m\u00e1s duradero. El mecanismo vertical minimiza el retroceso de&#8230;<\/p>\n","protected":false},"featured_media":2944,"template":"","meta":[],"product_brand":[],"product_cat":[89,93],"product_tag":[],"class_list":{"0":"post-2943","1":"product","2":"type-product","3":"status-publish","4":"has-post-thumbnail","6":"product_cat-eines","7":"product_cat-tallar","9":"first","10":"instock","11":"taxable","12":"shipping-taxable","13":"purchasable","14":"product-type-simple"},"_links":{"self":[{"href":"https:\/\/7distribucions.com\/ca\/wp-json\/wp\/v2\/product\/2943","targetHints":{"allow":["GET"]}}],"collection":[{"href":"https:\/\/7distribucions.com\/ca\/wp-json\/wp\/v2\/product"}],"about":[{"href":"https:\/\/7distribucions.com\/ca\/wp-json\/wp\/v2\/types\/product"}],"wp:featuredmedia":[{"embeddable":true,"href":"https:\/\/7distribucions.com\/ca\/wp-json\/wp\/v2\/media\/2944"}],"wp:attachment":[{"href":"https:\/\/7distribucions.com\/ca\/wp-json\/wp\/v2\/media?parent=2943"}],"wp:term":[{"taxonomy":"product_brand","embeddable":true,"href":"https:\/\/7distribucions.com\/ca\/wp-json\/wp\/v2\/product_brand?post=2943"},{"taxonomy":"product_cat","embeddable":true,"href":"https:\/\/7distribucions.com\/ca\/wp-json\/wp\/v2\/product_cat?post=2943"},{"taxonomy":"product_tag","embeddable":true,"href":"https:\/\/7distribucions.com\/ca\/wp-json\/wp\/v2\/product_tag?post=2943"}],"curies":[{"name":"wp","href":"https:\/\/api.w.org\/{rel}","templated":true}]}}